{"id":859,"date":"2025-03-26T16:21:28","date_gmt":"2025-03-26T20:21:28","guid":{"rendered":"https:\/\/aid.azu.mybluehost.me\/website_408b340e\/?page_id=859"},"modified":"2025-04-14T01:41:01","modified_gmt":"2025-04-14T05:41:01","slug":"bethlehem","status":"publish","type":"page","link":"https:\/\/www.osjfoodaid.org\/sv\/","title":{"rendered":"Betlehem"},"content":{"rendered":"<div data-elementor-type=\"wp-page\" data-elementor-id=\"859\" class=\"elementor elementor-859\" data-elementor-post-type=\"page\">\n\t\t\t\t<div class=\"elementor-element elementor-element-5e37b79c e-flex e-con-boxed e-con e-parent\" data-id=\"5e37b79c\" data-element_type=\"container\" data-settings=\"{&quot;background_background&quot;:&quot;classic&quot;}\">\n\t\t\t\t\t<div class=\"e-con-inner\">\n\t\t<div class=\"elementor-element elementor-element-289c841d e-con-full e-flex e-con e-child\" data-id=\"289c841d\" data-element_type=\"container\">\n\t\t\t\t<div class=\"elementor-element elementor-element-453b807 elementor-widget elementor-widget-heading\" data-id=\"453b807\" data-element_type=\"widget\" data-widget_type=\"heading.default\">\n\t\t\t\t\t<h5 class=\"elementor-heading-title elementor-size-default\">Deus Vult<\/h5>\t\t\t\t<\/div>\n\t\t\t\t<div class=\"elementor-element elementor-element-4d04f89 elementor-widget elementor-widget-heading\" data-id=\"4d04f89\" data-element_type=\"widget\" data-widget_type=\"heading.default\">\n\t\t\t\t\t<h2 class=\"elementor-heading-title elementor-size-default\">Mission | Betlehem : Gaza F\u00f6r\u00e4ndrar liv genom v\u00e5ra uppdrag<\/h2>\t\t\t\t<\/div>\n\t\t\t\t<\/div>\n\t\t<div class=\"elementor-element elementor-element-190b2855 e-con-full e-flex e-con e-child\" data-id=\"190b2855\" data-element_type=\"container\">\n\t\t<div class=\"elementor-element elementor-element-4aabac33 e-con-full e-flex e-con e-child\" data-id=\"4aabac33\" data-element_type=\"container\">\n\t\t\t\t<div class=\"elementor-element elementor-element-3e79a1be elementor-widget elementor-widget-icon-box\" data-id=\"3e79a1be\" data-element_type=\"widget\" data-widget_type=\"icon-box.default\">\n\t\t\t\t\t\t\t<div class=\"elementor-icon-box-wrapper\">\n\n\t\t\t\n\t\t\t\t\t\t<div class=\"elementor-icon-box-content\">\n\n\t\t\t\t\t\t\t\t\t<h3 class=\"elementor-icon-box-title\">\n\t\t\t\t\t\t<span  >\n\t\t\t\t\t\t\tLivr\u00e4ddande mat\t\t\t\t\t\t<\/span>\n\t\t\t\t\t<\/h3>\n\t\t\t\t\n\t\t\t\t\t\t\t\t\t<p class=\"elementor-icon-box-description\">\n\t\t\t\t\t\tMission | Bethlehem M\u00e5l: 23 ton parboiled ris till de fattigaste av de fattiga.\t\t\t\t\t<\/p>\n\t\t\t\t\n\t\t\t<\/div>\n\t\t\t\n\t\t<\/div>\n\t\t\t\t\t\t<\/div>\n\t\t\t\t<\/div>\n\t\t<div class=\"elementor-element elementor-element-39499e12 e-con-full e-flex e-con e-child\" data-id=\"39499e12\" data-element_type=\"container\">\n\t\t\t\t<div class=\"elementor-element elementor-element-5496a355 elementor-widget__width-auto elementor-widget elementor-widget-button\" data-id=\"5496a355\" data-element_type=\"widget\" data-widget_type=\"button.default\">\n\t\t\t\t\t\t\t\t\t\t<a class=\"elementor-button elementor-button-link elementor-size-sm\" href=\"https:\/\/www.osjfoodaid.org\/sv\/?give_forms=givewp-donation-form\">\n\t\t\t\t\t\t<span class=\"elementor-button-content-wrapper\">\n\t\t\t\t\t\t\t\t\t<span class=\"elementor-button-text\">Donera<\/span>\n\t\t\t\t\t<\/span>\n\t\t\t\t\t<\/a>\n\t\t\t\t\t\t\t\t<\/div>\n\t\t\t\t<div class=\"elementor-element elementor-element-c0067a0 elementor-widget__width-auto elementor-widget elementor-widget-button\" data-id=\"c0067a0\" data-element_type=\"widget\" data-widget_type=\"button.default\">\n\t\t\t\t\t\t\t\t\t\t<a class=\"elementor-button elementor-button-link elementor-size-sm\" href=\"https:\/\/www.osjfoodaid.org\/sv\/?page_id=55\">\n\t\t\t\t\t\t<span class=\"elementor-button-content-wrapper\">\n\t\t\t\t\t\t\t\t\t<span class=\"elementor-button-text\">Frivilligarbetare<\/span>\n\t\t\t\t\t<\/span>\n\t\t\t\t\t<\/a>\n\t\t\t\t\t\t\t\t<\/div>\n\t\t\t\t<\/div>\n\t\t\t\t<\/div>\n\t\t\t\t\t<\/div>\n\t\t\t\t<\/div>\n\t\t<div class=\"elementor-element elementor-element-3610cf72 e-flex e-con-boxed e-con e-parent\" data-id=\"3610cf72\" data-element_type=\"container\">\n\t\t\t\t\t<div class=\"e-con-inner\">\n\t\t<div class=\"elementor-element elementor-element-7cfda4ea e-con-full e-flex e-con e-child\" data-id=\"7cfda4ea\" data-element_type=\"container\">\n\t\t<div class=\"elementor-element elementor-element-6036412 e-con-full e-flex e-con e-child\" data-id=\"6036412\" data-element_type=\"container\">\n\t\t\t\t<div class=\"elementor-element elementor-element-161adb03 elementor-widget elementor-widget-heading\" data-id=\"161adb03\" data-element_type=\"widget\" data-widget_type=\"heading.default\">\n\t\t\t\t\t<h5 class=\"elementor-heading-title elementor-size-default\">V\u00e5rt uppdrag<\/h5>\t\t\t\t<\/div>\n\t\t\t\t<div class=\"elementor-element elementor-element-355605e8 elementor-widget elementor-widget-heading\" data-id=\"355605e8\" data-element_type=\"widget\" data-widget_type=\"heading.default\">\n\t\t\t\t\t<h2 class=\"elementor-heading-title elementor-size-default\">Uppt\u00e4ck effekterna: V\u00e5ra humanit\u00e4ra insatser<\/h2>\t\t\t\t<\/div>\n\t\t\t\t<\/div>\n\t\t<div class=\"elementor-element elementor-element-ceddd28 e-con-full e-flex e-con e-child\" data-id=\"ceddd28\" data-element_type=\"container\">\n\t\t\t\t<div class=\"elementor-element elementor-element-757a4271 elementor-widget elementor-widget-text-editor\" data-id=\"757a4271\" data-element_type=\"widget\" data-widget_type=\"text-editor.default\">\n\t\t\t\t\t\t\t\t\t<p>V\u00e5ra uppdrag omfattar en rad proaktiva insatser som syftar till att lindra lidande och fr\u00e4mja v\u00e4rdighet i drabbade samh\u00e4llen. Varje initiativ \u00e4r minuti\u00f6st planerat och tillgodoser olika behov, fr\u00e5n akuta insatser till h\u00e5llbar utveckling. Genom att dela med oss av autentiska ber\u00e4ttelser fr\u00e5n de m\u00e4nniskor vi hj\u00e4lper skapar vi en passionerad kontakt med v\u00e5r publik och f\u00e5r dem att f\u00f6rst\u00e5 vikten av v\u00e5rt arbete. Vi betonar samarbete och visar hur kombinerade insatser kan leda till f\u00f6r\u00e4ndrade resultat. N\u00e4r vi stakar ut v\u00e5r v\u00e4g fram\u00e5t bjuder vi in alla att bli en del av denna ber\u00e4ttelse, driva positiv f\u00f6r\u00e4ndring och f\u00f6rkroppsliga v\u00e5r kollektiva anda av generositet och medk\u00e4nsla.<\/p>\t\t\t\t\t\t\t\t<\/div>\n\t\t\t\t<\/div>\n\t\t\t\t<\/div>\n\t\t<div class=\"elementor-element elementor-element-5acd743d e-con-full e-flex e-con e-child\" data-id=\"5acd743d\" data-element_type=\"container\">\n\t\t\t\t<div class=\"elementor-element elementor-element-45f3de19 elementor-widget elementor-widget-image\" data-id=\"45f3de19\" data-element_type=\"widget\" data-widget_type=\"image.default\">\n\t\t\t\t\t\t\t\t\t\t\t\t\t\t\t<img loading=\"lazy\" decoding=\"async\" width=\"1108\" height=\"1477\" src=\"https:\/\/www.osjfoodaid.org\/wp-content\/uploads\/2025\/02\/Israel40-1.jpeg\" class=\"attachment-1536x1536 size-1536x1536 wp-image-551\" alt=\"\" srcset=\"https:\/\/www.osjfoodaid.org\/wp-content\/uploads\/2025\/02\/Israel40-1.jpeg 1108w, https:\/\/www.osjfoodaid.org\/wp-content\/uploads\/2025\/02\/Israel40-1-225x300.jpeg 225w, https:\/\/www.osjfoodaid.org\/wp-content\/uploads\/2025\/02\/Israel40-1-768x1024.jpeg 768w\" sizes=\"auto, (max-width: 1108px) 100vw, 1108px\" style=\"width:100%;height:133.3%;max-width:1108px\" \/>\t\t\t\t\t\t\t\t\t\t\t\t\t\t\t<\/div>\n\t\t\t\t<\/div>\n\t\t\t\t\t<\/div>\n\t\t\t\t<\/div>\n\t\t<div class=\"elementor-element elementor-element-7a4e7194 e-flex e-con-boxed e-con e-parent\" data-id=\"7a4e7194\" data-element_type=\"container\">\n\t\t\t\t\t<div class=\"e-con-inner\">\n\t\t\t\t<div class=\"elementor-element elementor-element-e1efb1e elementor-widget-divider--view-line elementor-widget elementor-widget-divider\" data-id=\"e1efb1e\" data-element_type=\"widget\" data-widget_type=\"divider.default\">\n\t\t\t\t\t\t\t<div class=\"elementor-divider\">\n\t\t\t<span class=\"elementor-divider-separator\">\n\t\t\t\t\t\t<\/span>\n\t\t<\/div>\n\t\t\t\t\t\t<\/div>\n\t\t<div class=\"elementor-element elementor-element-4c4511fb e-con-full e-flex e-con e-child\" data-id=\"4c4511fb\" data-element_type=\"container\">\n\t\t\t\t<div class=\"elementor-element elementor-element-3c149fd elementor-widget elementor-widget-heading\" data-id=\"3c149fd\" data-element_type=\"widget\" data-widget_type=\"heading.default\">\n\t\t\t\t\t<h5 class=\"elementor-heading-title elementor-size-default\">V\u00e5ra prestationer<\/h5>\t\t\t\t<\/div>\n\t\t\t\t<div class=\"elementor-element elementor-element-aa9029b elementor-widget elementor-widget-heading\" data-id=\"aa9029b\" data-element_type=\"widget\" data-widget_type=\"heading.default\">\n\t\t\t\t\t<h5 class=\"elementor-heading-title elementor-size-default\">Deus Vult<\/h5>\t\t\t\t<\/div>\n\t\t\t\t<div class=\"elementor-element elementor-element-db7ec14 elementor-mobile-align-center elementor-widget__width-initial elementor-widget-tablet__width-initial elementor-tablet-align-right elementor-align-center elementor-widget elementor-widget-button\" data-id=\"db7ec14\" data-element_type=\"widget\" data-widget_type=\"button.default\">\n\t\t\t\t\t\t\t\t\t\t<a class=\"elementor-button elementor-button-link elementor-size-sm\" href=\"https:\/\/www.osjfoodaid.org\/sv\/?give_forms=givewp-donation-form\">\n\t\t\t\t\t\t<span class=\"elementor-button-content-wrapper\">\n\t\t\t\t\t\t\t\t\t<span class=\"elementor-button-text\">Donera<\/span>\n\t\t\t\t\t<\/span>\n\t\t\t\t\t<\/a>\n\t\t\t\t\t\t\t\t<\/div>\n\t\t\t\t<div class=\"elementor-element elementor-element-62eded87 elementor-widget elementor-widget-heading\" data-id=\"62eded87\" data-element_type=\"widget\" data-widget_type=\"heading.default\">\n\t\t\t\t\t<h2 class=\"elementor-heading-title elementor-size-default\">Statistik om p\u00e5verkan: Ett testamente f\u00f6r f\u00f6r\u00e4ndring<\/h2>\t\t\t\t<\/div>\n\t\t\t\t<\/div>\n\t\t<div class=\"elementor-element elementor-element-4ad276ff e-flex e-con-boxed e-con e-child\" data-id=\"4ad276ff\" data-element_type=\"container\">\n\t\t\t\t\t<div class=\"e-con-inner\">\n\t\t<div class=\"elementor-element elementor-element-6d6df2f2 e-flex e-con-boxed e-con e-child\" data-id=\"6d6df2f2\" data-element_type=\"container\">\n\t\t\t\t\t<div class=\"e-con-inner\">\n\t\t\t\t<div class=\"elementor-element elementor-element-71df3de5 elementor-widget elementor-widget-counter\" data-id=\"71df3de5\" data-element_type=\"widget\" data-widget_type=\"counter.default\">\n\t\t\t\t\t\t\t<div class=\"elementor-counter\">\n\t\t\t\t\t\t<div class=\"elementor-counter-number-wrapper\">\n\t\t\t\t<span class=\"elementor-counter-number-prefix\"><\/span>\n\t\t\t\t<span class=\"elementor-counter-number\" data-duration=\"2000\" data-to-value=\"99\" data-from-value=\"0\" data-delimiter=\",\">0<\/span>\n\t\t\t\t<span class=\"elementor-counter-number-suffix\"><\/span>\n\t\t\t<\/div>\n\t\t<\/div>\n\t\t\t\t\t\t<\/div>\n\t\t\t\t<div class=\"elementor-element elementor-element-55ca2536 elementor-widget elementor-widget-heading\" data-id=\"55ca2536\" data-element_type=\"widget\" data-widget_type=\"heading.default\">\n\t\t\t\t\t<h2 class=\"elementor-heading-title elementor-size-default\">Massor av parkokt ris <\/h2>\t\t\t\t<\/div>\n\t\t\t\t<div class=\"elementor-element elementor-element-3ac0e995 elementor-widget elementor-widget-text-editor\" data-id=\"3ac0e995\" data-element_type=\"widget\" data-widget_type=\"text-editor.default\">\n\t\t\t\t\t\t\t\t\t<p>F\u00f6rra \u00e5ret levererade Knights Hospitaller, av Sankt Johannesorden av Jerusalem <strong>99 ton<\/strong> av mat till Derna, Libyen, Gaza och Jerusalem.\u00a0<\/p><p>Kostnad f\u00f6r livsmedelsbist\u00e5nd per kilo:<strong> \u20ac1.17<\/strong> levereras i en krigszon.<\/p>\t\t\t\t\t\t\t\t<\/div>\n\t\t\t\t<div class=\"elementor-element elementor-element-4426596 elementor-widget-divider--view-line elementor-widget elementor-widget-divider\" data-id=\"4426596\" data-element_type=\"widget\" data-widget_type=\"divider.default\">\n\t\t\t\t\t\t\t<div class=\"elementor-divider\">\n\t\t\t<span class=\"elementor-divider-separator\">\n\t\t\t\t\t\t<\/span>\n\t\t<\/div>\n\t\t\t\t\t\t<\/div>\n\t\t\t\t\t<\/div>\n\t\t\t\t<\/div>\n\t\t\t\t\t<\/div>\n\t\t\t\t<\/div>\n\t\t\t\t<div class=\"elementor-element elementor-element-bf9e5a8 elementor-mobile-align-center elementor-widget__width-initial elementor-widget-tablet__width-initial elementor-tablet-align-right elementor-align-center elementor-widget elementor-widget-button\" data-id=\"bf9e5a8\" data-element_type=\"widget\" data-widget_type=\"button.default\">\n\t\t\t\t\t\t\t\t\t\t<a class=\"elementor-button elementor-button-link elementor-size-sm\" href=\"https:\/\/www.osjfoodaid.org\/sv\/?give_forms=givewp-donation-form\">\n\t\t\t\t\t\t<span class=\"elementor-button-content-wrapper\">\n\t\t\t\t\t\t\t\t\t<span class=\"elementor-button-text\">Donera<\/span>\n\t\t\t\t\t<\/span>\n\t\t\t\t\t<\/a>\n\t\t\t\t\t\t\t\t<\/div>\n\t\t\t\t<div class=\"elementor-element elementor-element-2a012fd elementor-widget elementor-widget-heading\" data-id=\"2a012fd\" data-element_type=\"widget\" data-widget_type=\"heading.default\">\n\t\t\t\t\t<h5 class=\"elementor-heading-title elementor-size-default\">Deus Vult<\/h5>\t\t\t\t<\/div>\n\t\t\t\t\t<\/div>\n\t\t\t\t<\/div>\n\t\t<div class=\"elementor-element elementor-element-543658a e-flex e-con-boxed e-con e-parent\" data-id=\"543658a\" data-element_type=\"container\">\n\t\t\t\t\t<div class=\"e-con-inner\">\n\t\t<div class=\"elementor-element elementor-element-7b9b68b6 e-con-full e-flex e-con e-child\" data-id=\"7b9b68b6\" data-element_type=\"container\" data-settings=\"{&quot;background_background&quot;:&quot;classic&quot;}\">\n\t\t\t\t<\/div>\n\t\t<div class=\"elementor-element elementor-element-6f9c8cb6 e-con-full e-flex e-con e-child\" data-id=\"6f9c8cb6\" data-element_type=\"container\" data-settings=\"{&quot;background_background&quot;:&quot;classic&quot;}\">\n\t\t\t\t<div class=\"elementor-element elementor-element-44d2d965 elementor-widget elementor-widget-heading\" data-id=\"44d2d965\" data-element_type=\"widget\" data-widget_type=\"heading.default\">\n\t\t\t\t\t<h5 class=\"elementor-heading-title elementor-size-default\">G\u00e5 med i oss<\/h5>\t\t\t\t<\/div>\n\t\t\t\t<div class=\"elementor-element elementor-element-362017cd elementor-widget elementor-widget-heading\" data-id=\"362017cd\" data-element_type=\"widget\" data-widget_type=\"heading.default\">\n\t\t\t\t\t<h2 class=\"elementor-heading-title elementor-size-default\">Ta n\u00e4sta steg: st\u00f6d v\u00e5r sak och g\u00f6r skillnad!<\/h2>\t\t\t\t<\/div>\n\t\t\t\t<div class=\"elementor-element elementor-element-11fd68f4 elementor-icon-list--layout-traditional elementor-list-item-link-full_width elementor-widget elementor-widget-icon-list\" data-id=\"11fd68f4\" data-element_type=\"widget\" data-widget_type=\"icon-list.default\">\n\t\t\t\t\t\t\t<ul class=\"elementor-icon-list-items\">\n\t\t\t\t\t\t\t<li class=\"elementor-icon-list-item\">\n\t\t\t\t\t\t\t\t\t\t\t<span class=\"elementor-icon-list-icon\">\n\t\t\t\t\t\t\t<svg aria-hidden=\"true\" class=\"e-font-icon-svg e-fas-circle\" viewbox=\"0 0 512 512\" xmlns=\"http:\/\/www.w3.org\/2000\/svg\"><path d=\"M256 8C119 8 8 119 8 256s111 248 248 248 248-111 248-248S393 8 256 8z\"><\/path><\/svg>\t\t\t\t\t\t<\/span>\n\t\t\t\t\t\t\t\t\t\t<span class=\"elementor-icon-list-text\">Vara en del av en varaktig f\u00f6r\u00e4ndring i samh\u00e4llet.<\/span>\n\t\t\t\t\t\t\t\t\t<\/li>\n\t\t\t\t\t\t\t\t<li class=\"elementor-icon-list-item\">\n\t\t\t\t\t\t\t\t\t\t\t<span class=\"elementor-icon-list-icon\">\n\t\t\t\t\t\t\t<svg aria-hidden=\"true\" class=\"e-font-icon-svg e-fas-circle\" viewbox=\"0 0 512 512\" xmlns=\"http:\/\/www.w3.org\/2000\/svg\"><path d=\"M256 8C119 8 8 119 8 256s111 248 248 248 248-111 248-248S393 8 256 8z\"><\/path><\/svg>\t\t\t\t\t\t<\/span>\n\t\t\t\t\t\t\t\t\t\t<span class=\"elementor-icon-list-text\">Tillsammans kan vi tillhandah\u00e5lla viktigt st\u00f6d och resurser.<\/span>\n\t\t\t\t\t\t\t\t\t<\/li>\n\t\t\t\t\t\t\t\t<li class=\"elementor-icon-list-item\">\n\t\t\t\t\t\t\t\t\t\t\t<span class=\"elementor-icon-list-icon\">\n\t\t\t\t\t\t\t<svg aria-hidden=\"true\" class=\"e-font-icon-svg e-fas-circle\" viewbox=\"0 0 512 512\" xmlns=\"http:\/\/www.w3.org\/2000\/svg\"><path d=\"M256 8C119 8 8 119 8 256s111 248 248 248 248-111 248-248S393 8 256 8z\"><\/path><\/svg>\t\t\t\t\t\t<\/span>\n\t\t\t\t\t\t\t\t\t\t<span class=\"elementor-icon-list-text\">Ditt engagemang berikar liv och ger hopp.<\/span>\n\t\t\t\t\t\t\t\t\t<\/li>\n\t\t\t\t\t\t<\/ul>\n\t\t\t\t\t\t<\/div>\n\t\t\t\t<div class=\"elementor-element elementor-element-6c904f8 elementor-icon-list--layout-traditional elementor-list-item-link-full_width elementor-widget elementor-widget-icon-list\" data-id=\"6c904f8\" data-element_type=\"widget\" data-widget_type=\"icon-list.default\">\n\t\t\t\t\t\t\t<ul class=\"elementor-icon-list-items\">\n\t\t\t\t\t\t\t<li class=\"elementor-icon-list-item\">\n\t\t\t\t\t\t\t\t\t\t\t<span class=\"elementor-icon-list-icon\">\n\t\t\t\t\t\t\t<svg aria-hidden=\"true\" class=\"e-font-icon-svg e-fas-circle\" viewbox=\"0 0 512 512\" xmlns=\"http:\/\/www.w3.org\/2000\/svg\"><path d=\"M256 8C119 8 8 119 8 256s111 248 248 248 248-111 248-248S393 8 256 8z\"><\/path><\/svg>\t\t\t\t\t\t<\/span>\n\t\t\t\t\t\t\t\t\t\t<span class=\"elementor-icon-list-text\">Bildtext: Storbritanniens f\u00f6rbundskansler tillagar tiotusentals m\u00e5ltider under Covid. <\/span>\n\t\t\t\t\t\t\t\t\t<\/li>\n\t\t\t\t\t\t<\/ul>\n\t\t\t\t\t\t<\/div>\n\t\t\t\t<div class=\"elementor-element elementor-element-2f50f88 elementor-widget elementor-widget-heading\" data-id=\"2f50f88\" data-element_type=\"widget\" data-widget_type=\"heading.default\">\n\t\t\t\t\t<h5 class=\"elementor-heading-title elementor-size-default\">Deus Vult<\/h5>\t\t\t\t<\/div>\n\t\t\t\t<div class=\"elementor-element elementor-element-646fe161 elementor-widget__width-auto elementor-widget elementor-widget-button\" data-id=\"646fe161\" data-element_type=\"widget\" data-widget_type=\"button.default\">\n\t\t\t\t\t\t\t\t\t\t<a class=\"elementor-button elementor-button-link elementor-size-sm\" href=\"https:\/\/www.osjfoodaid.org\/sv\/?page_id=55\">\n\t\t\t\t\t\t<span class=\"elementor-button-content-wrapper\">\n\t\t\t\t\t\t\t\t\t<span class=\"elementor-button-text\">Frivilligarbetare<\/span>\n\t\t\t\t\t<\/span>\n\t\t\t\t\t<\/a>\n\t\t\t\t\t\t\t\t<\/div>\n\t\t\t\t<\/div>\n\t\t\t\t\t<\/div>\n\t\t\t\t<\/div>\n\t\t\t\t<\/div>","protected":false},"excerpt":{"rendered":"<p>Deus Vult Mission | Betlehem : Gaza F\u00f6rvandlar liv genom v\u00e5ra uppdrag Life Saving Food Mission | Betlehem M\u00e5l: 23 ton parboiled ris till de fattigaste av de fattiga. Donera Volont\u00e4r V\u00e5rt uppdrag Uppt\u00e4ck effekterna: V\u00e5ra humanit\u00e4ra insatser V\u00e5ra uppdrag omfattar en rad olika proaktiva insatser som syftar till att lindra lidande och fr\u00e4mja... <a class=\"more-link\" href=\"https:\/\/www.osjfoodaid.org\/sv\/\">Forts\u00e4tt l\u00e4sa <span class=\"screen-reader-text\">Betlehem<\/span><\/a><\/p>","protected":false},"author":1,"featured_media":0,"parent":0,"menu_order":0,"comment_status":"closed","ping_status":"closed","template":"","meta":{"give_campaign_id":0,"nf_dc_page":"","content-type":"","footnotes":""},"class_list":["post-859","page","type-page","status-publish","hentry","entry"],"campaignId":"","_links":{"self":[{"href":"https:\/\/www.osjfoodaid.org\/sv\/wp-json\/wp\/v2\/pages\/859","targetHints":{"allow":["GET"]}}],"collection":[{"href":"https:\/\/www.osjfoodaid.org\/sv\/wp-json\/wp\/v2\/pages"}],"about":[{"href":"https:\/\/www.osjfoodaid.org\/sv\/wp-json\/wp\/v2\/types\/page"}],"author":[{"embeddable":true,"href":"https:\/\/www.osjfoodaid.org\/sv\/wp-json\/wp\/v2\/users\/1"}],"replies":[{"embeddable":true,"href":"https:\/\/www.osjfoodaid.org\/sv\/wp-json\/wp\/v2\/comments?post=859"}],"version-history":[{"count":133,"href":"https:\/\/www.osjfoodaid.org\/sv\/wp-json\/wp\/v2\/pages\/859\/revisions"}],"predecessor-version":[{"id":1582,"href":"https:\/\/www.osjfoodaid.org\/sv\/wp-json\/wp\/v2\/pages\/859\/revisions\/1582"}],"wp:attachment":[{"href":"https:\/\/www.osjfoodaid.org\/sv\/wp-json\/wp\/v2\/media?parent=859"}],"curies":[{"name":"wp","href":"https:\/\/api.w.org\/{rel}","templated":true}]}}