{"id":156,"date":"2025-02-07T14:25:28","date_gmt":"2025-02-07T19:25:28","guid":{"rendered":"https:\/\/aid.azu.mybluehost.me\/website_408b340e\/?page_id=156"},"modified":"2025-04-16T05:40:33","modified_gmt":"2025-04-16T09:40:33","slug":"anvandaravtal","status":"publish","type":"page","link":"https:\/\/www.osjfoodaid.org\/sv\/anvandaravtal\/","title":{"rendered":"User Agreement"},"content":{"rendered":"<div data-elementor-type=\"wp-page\" data-elementor-id=\"156\" class=\"elementor elementor-156\" data-elementor-post-type=\"page\">\n\t\t\t\t<div class=\"elementor-element elementor-element-77b32ce6 e-flex e-con-boxed e-con e-parent\" data-id=\"77b32ce6\" data-element_type=\"container\">\n\t\t\t\t\t<div class=\"e-con-inner\">\n\t\t\t\t<div class=\"elementor-element elementor-element-33cae418 elementor-widget elementor-widget-text-editor\" data-id=\"33cae418\" data-element_type=\"widget\" data-widget_type=\"text-editor.default\">\n\t\t\t\t\t\t\t\t\t\n<p><strong>Villkor f\u00f6r anv\u00e4ndaravtal<\/strong><\/p>\n<p>\u00a0<\/p>\n<p>OSJ Food Aid USA - Anv\u00e4ndarvillkor f\u00f6r webbplatsen<\/p>\n<p>Datum f\u00f6r ikrafttr\u00e4dande: 16 april 2025<\/p>\n<p>\u00a0<\/p>\n<p>Genom att g\u00e5 in p\u00e5 eller anv\u00e4nda OSJ Food Aid USA:s webbplats (<a href=\"https:\/\/www.osjfoodaid.org\/sv\">https:\/\/www.osjfoodaid.org<\/a>), samtycker du till dessa anv\u00e4ndarvillkor. Om du inte samtycker, v\u00e4nligen anv\u00e4nd inte v\u00e5r webbplats.<\/p>\n<p>\u00a0<\/p>\n<p>1. Anv\u00e4ndning av webbplatsen<\/p>\n<p>- Webbplatsen och dess inneh\u00e5ll \u00e4r avsett f\u00f6r informativt och icke-kommersiellt bruk relaterat till OSJ Food Aid USA:s uppdrag.<\/p>\n<p>- Du m\u00e5ste anv\u00e4nda webbplatsen p\u00e5 ett lagligt s\u00e4tt och inte missbruka, st\u00f6ra eller f\u00f6rs\u00f6ka skada webbplatsen eller dess anv\u00e4ndare.<\/p>\n<p>\u00a0<\/p>\n<p>2. Sekretess<\/p>\n<p>- Din anv\u00e4ndning av denna webbplats omfattas ocks\u00e5 av v\u00e5r integritetspolicy, som f\u00f6rklarar hur vi samlar in och anv\u00e4nder din information.<\/p>\n<p>\u00a0<\/p>\n<p>3. Intellektuell egendom<\/p>\n<p>- Allt inneh\u00e5ll p\u00e5 denna webbplats \u00e4gs av OSJ Food Aid USA eller dess licensgivare och \u00e4r skyddat enligt lag.<\/p>\n<p>- Du f\u00e5r inte kopiera, distribuera eller modifiera n\u00e5got inneh\u00e5ll utan v\u00e5rt skriftliga tillst\u00e5nd.<\/p>\n<p>\u00a0<\/p>\n<p>4. Bidrag fr\u00e5n anv\u00e4ndare<\/p>\n<p>- Om du skickar information eller material (t.ex. feedback eller f\u00f6rfr\u00e5gningar) ger du OSJ Food Aid USA r\u00e4tt att anv\u00e4nda, reproducera och visa den f\u00f6r v\u00e5ra syften.<\/p>\n<p>\u00a0<\/p>\n<p>5. Ansvarsfriskrivning<\/p>\n<p>- Webbplatsen tillhandah\u00e5lls \"i befintligt skick\". Vi garanterar inte webbplatsens eller dess inneh\u00e5lls riktighet, tillf\u00f6rlitlighet eller tillg\u00e4nglighet.<\/p>\n<p>\u00a0<\/p>\n<p>6. Begr\u00e4nsning av ansvar<\/p>\n<p>- OSJ Food Aid USA ansvarar inte f\u00f6r n\u00e5gra skador som uppst\u00e5r till f\u00f6ljd av din anv\u00e4ndning eller of\u00f6rm\u00e5ga att anv\u00e4nda webbplatsen.<\/p>\n<p>\u00a0<\/p>\n<p>7. L\u00e4nkar till andra webbplatser<\/p>\n<p>- V\u00e5r webbplats kan inneh\u00e5lla l\u00e4nkar till webbplatser fr\u00e5n tredje part. Vi ansvarar inte f\u00f6r deras inneh\u00e5ll eller sekretesspraxis.<\/p>\n<p>\u00a0<\/p>\n<p>8. \u00c4ndringar av villkor<\/p>\n<p>- Vi kan uppdatera dessa villkor n\u00e4r som helst. \u00c4ndringar tr\u00e4der i kraft n\u00e4r de publiceras. Fortsatt anv\u00e4ndning av webbplatsen inneb\u00e4r att du accepterar de nya villkoren.<\/p>\n<p>\u00a0<\/p>\n<p>9. Kontakt<\/p>\n<p>- F\u00f6r fr\u00e5gor, kontakta oss p\u00e5 <a href=\"mailto:info@osjfoodaid.org\">info@osjfoodaid.org<\/a>.<\/p>\n<p>\u00a0<\/p>\n<p>Genom att anv\u00e4nda denna webbplats godk\u00e4nner du dessa anv\u00e4ndarvillkor. L\u00e4s igenom dem regelbundet f\u00f6r uppdateringar.<\/p>\t\t\t\t\t\t\t\t<\/div>\n\t\t\t\t\t<\/div>\n\t\t\t\t<\/div>\n\t\t\t\t<\/div>","protected":false},"excerpt":{"rendered":"<p>User Agreement Terms \u00a0 OSJ Food Aid USA \u2013 Website Terms of Use Effective Date: April 16, 2025 \u00a0 By accessing or using the OSJ Food Aid USA website (https:\/\/www.osjfoodaid.org), you agree to these Terms of Use. If you do not agree, please do not use our site. \u00a0 1. Use of the Website &#8211;&hellip; <a class=\"more-link\" href=\"https:\/\/www.osjfoodaid.org\/sv\/anvandaravtal\/\">Forts\u00e4tt l\u00e4sa <span class=\"screen-reader-text\">User Agreement<\/span><\/a><\/p>","protected":false},"author":1,"featured_media":0,"parent":0,"menu_order":0,"comment_status":"closed","ping_status":"closed","template":"","meta":{"give_campaign_id":0,"nf_dc_page":"","content-type":"","footnotes":""},"class_list":["post-156","page","type-page","status-publish","hentry","entry"],"campaignId":"","_links":{"self":[{"href":"https:\/\/www.osjfoodaid.org\/sv\/wp-json\/wp\/v2\/pages\/156","targetHints":{"allow":["GET"]}}],"collection":[{"href":"https:\/\/www.osjfoodaid.org\/sv\/wp-json\/wp\/v2\/pages"}],"about":[{"href":"https:\/\/www.osjfoodaid.org\/sv\/wp-json\/wp\/v2\/types\/page"}],"author":[{"embeddable":true,"href":"https:\/\/www.osjfoodaid.org\/sv\/wp-json\/wp\/v2\/users\/1"}],"replies":[{"embeddable":true,"href":"https:\/\/www.osjfoodaid.org\/sv\/wp-json\/wp\/v2\/comments?post=156"}],"version-history":[{"count":7,"href":"https:\/\/www.osjfoodaid.org\/sv\/wp-json\/wp\/v2\/pages\/156\/revisions"}],"predecessor-version":[{"id":1630,"href":"https:\/\/www.osjfoodaid.org\/sv\/wp-json\/wp\/v2\/pages\/156\/revisions\/1630"}],"wp:attachment":[{"href":"https:\/\/www.osjfoodaid.org\/sv\/wp-json\/wp\/v2\/media?parent=156"}],"curies":[{"name":"wp","href":"https:\/\/api.w.org\/{rel}","templated":true}]}}