{"id":151,"date":"2025-02-07T14:21:49","date_gmt":"2025-02-07T19:21:49","guid":{"rendered":"https:\/\/aid.azu.mybluehost.me\/website_408b340e\/?page_id=151"},"modified":"2025-04-16T05:56:20","modified_gmt":"2025-04-16T09:56:20","slug":"hantering-av-cookies","status":"publish","type":"page","link":"https:\/\/www.osjfoodaid.org\/sv\/hantering-av-cookies\/","title":{"rendered":"Hantering av kakor"},"content":{"rendered":"<div data-elementor-type=\"wp-page\" data-elementor-id=\"151\" class=\"elementor elementor-151\" data-elementor-post-type=\"page\">\n\t\t\t\t<div class=\"elementor-element elementor-element-38e0436f e-flex e-con-boxed e-con e-parent\" data-id=\"38e0436f\" data-element_type=\"container\">\n\t\t\t\t\t<div class=\"e-con-inner\">\n\t\t\t\t<div class=\"elementor-element elementor-element-2594250 elementor-widget elementor-widget-text-editor\" data-id=\"2594250\" data-element_type=\"widget\" data-widget_type=\"text-editor.default\">\n\t\t\t\t\t\t\t\t\t\n<p>\u00a0<\/p>\n<p><strong>\u00a0OSJ Food Aid USA Policy f\u00f6r hantering av cookies<\/strong><\/p>\n<p>\u00a0<\/p>\n<p>OSJ Food Aid USA (\"vi\", \"oss\" eller \"v\u00e5r\") \u00e4r fast beslutna att skydda din integritet och s\u00e4kerst\u00e4lla \u00f6ppenhet om hur vi anv\u00e4nder cookies och liknande tekniker p\u00e5 v\u00e5r webbplats, [<a href=\"https:\/\/www.osjfoodaid.org\/sv\">www.osjfoodaid.org<\/a>]<\/p>\n<p>\u00a0<\/p>\n<p>Denna policy f\u00f6rklarar vad cookies \u00e4r, hur vi anv\u00e4nder dem, dina valm\u00f6jligheter och hur du kan hantera dina cookiepreferenser.<\/p>\n<p>\u00a0<\/p>\n<p><strong>Vad \u00e4r cookies?<\/strong><\/p>\n<p>Cookies \u00e4r sm\u00e5 textfiler som lagras p\u00e5 din enhet n\u00e4r du bes\u00f6ker en webbplats. De hj\u00e4lper oss att komma ih\u00e5g dina preferenser, f\u00f6rb\u00e4ttra webbplatsens prestanda och ge en personlig upplevelse. Vissa cookies \u00e4r n\u00f6dv\u00e4ndiga f\u00f6r att webbplatsen ska fungera, medan andra hj\u00e4lper oss att analysera anv\u00e4ndningen eller leverera riktat inneh\u00e5ll.<\/p>\n<p>\u00a0<\/p>\n<p><strong>Typer av cookies som vi anv\u00e4nder<\/strong><\/p>\n<p>- Strikt n\u00f6dv\u00e4ndiga cookies: N\u00f6dv\u00e4ndiga f\u00f6r att webbplatsen ska fungera och kan inte st\u00e4ngas av.<\/p>\n<p>- Prestanda\/Analytics Cookies: Hj\u00e4lper oss att f\u00f6rst\u00e5 hur bes\u00f6kare interagerar med v\u00e5r webbplats f\u00f6r att f\u00f6rb\u00e4ttra anv\u00e4ndarupplevelsen.<\/p>\n<p>- Funktionella cookies: Kommer ih\u00e5g de val du g\u00f6r f\u00f6r att f\u00f6rb\u00e4ttra din upplevelse.<\/p>\n<p>- Cookies f\u00f6r marknadsf\u00f6ring: Sp\u00e5rar surfvanor f\u00f6r att leverera relevant inneh\u00e5ll och reklam.<\/p>\n<p>\u00a0<\/p>\n<p><strong>Hur vi anv\u00e4nder cookies<\/strong><\/p>\n<p>Vi anv\u00e4nder cookies f\u00f6r att:<\/p>\n<p>- S\u00e4kerst\u00e4lla webbplatsens funktionalitet och s\u00e4kerhet.<\/p>\n<p>- Analysera trafik och anv\u00e4ndningsm\u00f6nster p\u00e5 webbplatsen.<\/p>\n<p>- Kom ih\u00e5g dina preferenser och inst\u00e4llningar.<\/p>\n<p>- Tillhandah\u00e5lla personligt inneh\u00e5ll och marknadsf\u00f6ring d\u00e4r s\u00e5 \u00e4r till\u00e4mpligt.<\/p>\n<p>\u00a0<\/p>\n<p><strong>Ditt samtycke och dina val<\/strong><\/p>\n<p>- N\u00e4r du bes\u00f6ker v\u00e5r webbplats visas en cookiebanner som ber om ditt samtycke till icke v\u00e4sentliga cookies.<\/p>\n<p>- Du kan acceptera eller avvisa olika kategorier av cookies, med undantag f\u00f6r de som \u00e4r absolut n\u00f6dv\u00e4ndiga f\u00f6r att webbplatsen ska fungera.<\/p>\n<p>- Du kan n\u00e4r som helst \u00e5terkalla eller \u00e4ndra ditt samtycke genom att justera dina webbl\u00e4sarinst\u00e4llningar eller anv\u00e4nda v\u00e5rt verktyg f\u00f6r hantering av cookies.<\/p>\n<p>- F\u00f6r anv\u00e4ndare i vissa jurisdiktioner (t.ex. EU, Kalifornien) kan ytterligare r\u00e4ttigheter g\u00e4lla, inklusive r\u00e4tten att v\u00e4lja bort f\u00f6rs\u00e4ljning eller sp\u00e5rning av uppgifter.<\/p>\n<p>\u00a0<\/p>\n<p><strong>Hantering av cookies<\/strong><\/p>\n<p>Du kan hantera eller inaktivera cookies via inst\u00e4llningarna i din webbl\u00e4sare. F\u00f6r mer information om hur du kontrollerar cookies, se v\u00e5r [Cookie Policy](<a href=\"https:\/\/www.osjfoodaid.org\/sv\/cookie-policy\/\">https:\/\/www.osjfoodaid.org\/cookie-policy<\/a>) eller kontakta oss p\u00e5 [<a href=\"mailto:info@osjfoodaid.org\">info@osjfoodaid.org<\/a>]<\/p>\n<p>\u00a0<\/p>\n<p><strong>Cookies fr\u00e5n tredje part<\/strong><\/p>\n<p>Vissa cookies kan st\u00e4llas in av tredjepartsleverant\u00f6rer f\u00f6r att leverera tj\u00e4nster eller reklam. Vi informerar \u00f6ppet om dessa leverant\u00f6rer och deras syften i v\u00e5r cookiepolicy.<\/p>\n<p>\u00a0<\/p>\n<p><strong>Policyuppdateringar<\/strong><\/p>\n<p>Vi ser regelbundet \u00f6ver och uppdaterar v\u00e5r cookiepraxis f\u00f6r att f\u00f6lja globala sekretesslagar och b\u00e4sta praxis. \u00c4ndringar kommer att publiceras p\u00e5 denna sida.<\/p>\n<p>\u00a0<\/p>\n<p><strong>Kontakta oss<\/strong><\/p>\n<p>Om du har fr\u00e5gor eller funderingar kring v\u00e5r cookiepraxis, v\u00e4nligen mejla oss p\u00e5 [<a href=\"mailto:info@osjfoodaid.org\">info@osjfoodaid.org<\/a>]<\/p>\t\t\t\t\t\t\t\t<\/div>\n\t\t\t\t\t<\/div>\n\t\t\t\t<\/div>\n\t\t\t\t<\/div>","protected":false},"excerpt":{"rendered":"<p>\u00a0 \u00a0OSJ Food Aid USA Cookie Management Policy \u00a0 OSJ Food Aid USA (\u201cwe\u201d, \u201cus\u201d, or \u201cour\u201d) is committed to protecting your privacy and ensuring transparency about how we use cookies and similar technologies on our website, [www.osjfoodaid.org] \u00a0 This policy explains what cookies are, how we use them, your choices, and how you can&hellip; <a class=\"more-link\" href=\"https:\/\/www.osjfoodaid.org\/sv\/hantering-av-cookies\/\">Forts\u00e4tt l\u00e4sa <span class=\"screen-reader-text\">Hantering av kakor<\/span><\/a><\/p>","protected":false},"author":1,"featured_media":0,"parent":0,"menu_order":0,"comment_status":"closed","ping_status":"closed","template":"","meta":{"give_campaign_id":0,"nf_dc_page":"","content-type":"","footnotes":""},"class_list":["post-151","page","type-page","status-publish","hentry","entry"],"campaignId":"","_links":{"self":[{"href":"https:\/\/www.osjfoodaid.org\/sv\/wp-json\/wp\/v2\/pages\/151","targetHints":{"allow":["GET"]}}],"collection":[{"href":"https:\/\/www.osjfoodaid.org\/sv\/wp-json\/wp\/v2\/pages"}],"about":[{"href":"https:\/\/www.osjfoodaid.org\/sv\/wp-json\/wp\/v2\/types\/page"}],"author":[{"embeddable":true,"href":"https:\/\/www.osjfoodaid.org\/sv\/wp-json\/wp\/v2\/users\/1"}],"replies":[{"embeddable":true,"href":"https:\/\/www.osjfoodaid.org\/sv\/wp-json\/wp\/v2\/comments?post=151"}],"version-history":[{"count":9,"href":"https:\/\/www.osjfoodaid.org\/sv\/wp-json\/wp\/v2\/pages\/151\/revisions"}],"predecessor-version":[{"id":1636,"href":"https:\/\/www.osjfoodaid.org\/sv\/wp-json\/wp\/v2\/pages\/151\/revisions\/1636"}],"wp:attachment":[{"href":"https:\/\/www.osjfoodaid.org\/sv\/wp-json\/wp\/v2\/media?parent=151"}],"curies":[{"name":"wp","href":"https:\/\/api.w.org\/{rel}","templated":true}]}}