{"id":145,"date":"2025-02-07T14:16:30","date_gmt":"2025-02-07T19:16:30","guid":{"rendered":"https:\/\/aid.azu.mybluehost.me\/website_408b340e\/?page_id=145"},"modified":"2025-04-16T05:29:42","modified_gmt":"2025-04-16T09:29:42","slug":"dataskydd","status":"publish","type":"page","link":"https:\/\/www.osjfoodaid.org\/sv\/dataskydd\/","title":{"rendered":"Data Protection"},"content":{"rendered":"<div data-elementor-type=\"wp-page\" data-elementor-id=\"145\" class=\"elementor elementor-145\" data-elementor-post-type=\"page\">\n\t\t\t\t<div class=\"elementor-element elementor-element-66de74dc e-flex e-con-boxed e-con e-parent\" data-id=\"66de74dc\" data-element_type=\"container\">\n\t\t\t\t\t<div class=\"e-con-inner\">\n\t\t\t\t<div class=\"elementor-element elementor-element-7caafabc elementor-widget elementor-widget-text-editor\" data-id=\"7caafabc\" data-element_type=\"widget\" data-widget_type=\"text-editor.default\">\n\t\t\t\t\t\t\t\t\t<h2 class=\"wp-block-heading\"><em>Policy f\u00f6r dataskydd<\/em><\/h2>\n<p>\u00a0<\/p>\n<p><em>OSJ Food Aid \u00e4r en registrerad 501(c)(3) icke-vinstdrivande organisation i USA, EIN# 33-2992004.\u00a0<\/em><\/p>\n<p><em>V\u00e5r webbadress \u00e4r <a href=\"https:\/\/www.osjfoodaid.org\/sv\">https:\/\/www.osjfoodaid.org<\/a><\/em><\/p>\n<p><em><!-- \/wp:paragraph --><!-- wp:heading --><\/em><\/p>\n<p>\u00a0<\/p>\n<p><em>1. Syfte:<\/em><\/p>\n<p><em>Denna policy beskriver v\u00e5ra rutiner f\u00f6r insamling, anv\u00e4ndning, lagring och skydd av personuppgifter som tillh\u00f6r anv\u00e4ndare \u00f6ver hela v\u00e4rlden, i enlighet med till\u00e4mpliga dataskyddslagar som GDPR, CCPA och andra relevanta best\u00e4mmelser.<\/em><\/p>\n<p>\u00a0<\/p>\n<p><em>2. Insamling av uppgifter:<\/em><\/p>\n<p><em>Vi samlar endast in n\u00f6dv\u00e4ndiga personuppgifter, inklusive namn, e-postadress, IP-adress och anv\u00e4ndningsdata, f\u00f6r att tillhandah\u00e5lla och f\u00f6rb\u00e4ttra v\u00e5ra tj\u00e4nster.<\/em><\/p>\n<p>\u00a0<\/p>\n<p><em>3. Anv\u00e4ndning av uppgifter:<\/em><\/p>\n<p><em>Personuppgifter anv\u00e4nds f\u00f6r kontohantering, tj\u00e4nsteleverans, kundsupport, analys och kommunikation. Vi varken s\u00e4ljer eller delar personuppgifter med tredje part, s\u00e5vida det inte kr\u00e4vs enligt lag eller med anv\u00e4ndarens samtycke.<\/em><\/p>\n<p>\u00a0<\/p>\n<p><em>4. Datalagring och s\u00e4kerhet:<\/em><\/p>\n<p><em>Vi lagrar personuppgifter p\u00e5 ett s\u00e4kert s\u00e4tt med hj\u00e4lp av kryptering och \u00e5tkomstkontroll enligt branschstandard. Datalagring \u00e4r begr\u00e4nsad till den tid som kr\u00e4vs f\u00f6r de angivna \u00e4ndam\u00e5len.<\/em><\/p>\n<p>\u00a0<\/p>\n<p><em>5. Internationella \u00f6verf\u00f6ringar:<\/em><\/p>\n<p><em>N\u00e4r uppgifter \u00f6verf\u00f6rs utanf\u00f6r anv\u00e4ndarens hemland vidtar vi l\u00e4mpliga skydds\u00e5tg\u00e4rder genom standardavtalsklausuler eller andra r\u00e4ttsliga skydds\u00e5tg\u00e4rder.<\/em><\/p>\n<p>\u00a0<\/p>\n<p><em>6. Anv\u00e4ndarr\u00e4ttigheter:<\/em><\/p>\n<p><em>Anv\u00e4ndare har r\u00e4tt att f\u00e5 tillg\u00e5ng till, r\u00e4tta till, radera eller begr\u00e4nsa sina personuppgifter och att inv\u00e4nda mot viss behandling. Beg\u00e4ran kan g\u00f6ras via v\u00e5rt kontaktformul\u00e4r eller e-post.<\/em><\/p>\n<p>\u00a0<\/p>\n<p><em>7. Cookies och sp\u00e5rning:<\/em><\/p>\n<p><em>Vi anv\u00e4nder cookies och liknande teknik f\u00f6r webbplatsens funktionalitet och analys, med f\u00f6rbeh\u00e5ll f\u00f6r anv\u00e4ndarens samtycke d\u00e4r s\u00e5 kr\u00e4vs.<\/em><\/p>\n<p>\u00a0<\/p>\n<p><em>8. Kontakta oss:<\/em><\/p>\n<p><em>F\u00f6r f\u00f6rfr\u00e5gningar eller f\u00f6r att ut\u00f6va dina r\u00e4ttigheter, v\u00e4nligen kontakta: info@osjfoodaid.org.<\/em><\/p>\n<p>\u00a0<\/p>\n<p><em>9. Uppdateringar:<\/em><\/p>\n<p><em>Vi kan komma att uppdatera denna policy och kommer omedelbart att meddela anv\u00e4ndarna om betydande \u00e4ndringar.<\/em><\/p>\n<p>\u00a0<\/p>\n<p><!-- \/wp:paragraph --><\/p>\t\t\t\t\t\t\t\t<\/div>\n\t\t\t\t\t<\/div>\n\t\t\t\t<\/div>\n\t\t\t\t<\/div>","protected":false},"excerpt":{"rendered":"<p>Data Protection Policy \u00a0 OSJ Food Aid is a registered 501(c)(3) nonprofit organization in the US, EIN# 33-2992004.\u00a0 Our website address is https:\/\/www.osjfoodaid.org \u00a0 1. Purpose: This policy outlines our practices for collecting, utilizing, storing, and safeguarding personal data belonging to users worldwide, adhering to applicable data protection laws such as GDPR, CCPA, and other&hellip; <a class=\"more-link\" href=\"https:\/\/www.osjfoodaid.org\/sv\/dataskydd\/\">Forts\u00e4tt l\u00e4sa <span class=\"screen-reader-text\">Data Protection<\/span><\/a><\/p>","protected":false},"author":1,"featured_media":0,"parent":0,"menu_order":0,"comment_status":"closed","ping_status":"closed","template":"","meta":{"give_campaign_id":0,"nf_dc_page":"","content-type":"","footnotes":""},"class_list":["post-145","page","type-page","status-publish","hentry","entry"],"campaignId":"","_links":{"self":[{"href":"https:\/\/www.osjfoodaid.org\/sv\/wp-json\/wp\/v2\/pages\/145","targetHints":{"allow":["GET"]}}],"collection":[{"href":"https:\/\/www.osjfoodaid.org\/sv\/wp-json\/wp\/v2\/pages"}],"about":[{"href":"https:\/\/www.osjfoodaid.org\/sv\/wp-json\/wp\/v2\/types\/page"}],"author":[{"embeddable":true,"href":"https:\/\/www.osjfoodaid.org\/sv\/wp-json\/wp\/v2\/users\/1"}],"replies":[{"embeddable":true,"href":"https:\/\/www.osjfoodaid.org\/sv\/wp-json\/wp\/v2\/comments?post=145"}],"version-history":[{"count":23,"href":"https:\/\/www.osjfoodaid.org\/sv\/wp-json\/wp\/v2\/pages\/145\/revisions"}],"predecessor-version":[{"id":1623,"href":"https:\/\/www.osjfoodaid.org\/sv\/wp-json\/wp\/v2\/pages\/145\/revisions\/1623"}],"wp:attachment":[{"href":"https:\/\/www.osjfoodaid.org\/sv\/wp-json\/wp\/v2\/media?parent=145"}],"curies":[{"name":"wp","href":"https:\/\/api.w.org\/{rel}","templated":true}]}}