{"id":156,"date":"2025-02-07T14:25:28","date_gmt":"2025-02-07T19:25:28","guid":{"rendered":"https:\/\/aid.azu.mybluehost.me\/website_408b340e\/?page_id=156"},"modified":"2025-04-16T05:40:33","modified_gmt":"2025-04-16T09:40:33","slug":"accord-dutilisation","status":"publish","type":"page","link":"https:\/\/www.osjfoodaid.org\/fr\/accord-dutilisation\/","title":{"rendered":"User Agreement"},"content":{"rendered":"<div data-elementor-type=\"wp-page\" data-elementor-id=\"156\" class=\"elementor elementor-156\" data-elementor-post-type=\"page\">\n\t\t\t\t<div class=\"elementor-element elementor-element-77b32ce6 e-flex e-con-boxed e-con e-parent\" data-id=\"77b32ce6\" data-element_type=\"container\">\n\t\t\t\t\t<div class=\"e-con-inner\">\n\t\t\t\t<div class=\"elementor-element elementor-element-33cae418 elementor-widget elementor-widget-text-editor\" data-id=\"33cae418\" data-element_type=\"widget\" data-widget_type=\"text-editor.default\">\n\t\t\t\t\t\t\t\t\t\n<p><strong>Conditions d'utilisation<\/strong><\/p>\n<p>\u00a0<\/p>\n<p>OSJ Food Aid USA - Conditions d'utilisation du site web<\/p>\n<p>Date d'entr\u00e9e en vigueur : 16 avril 2025<\/p>\n<p>\u00a0<\/p>\n<p>En acc\u00e9dant ou en utilisant le site web de l'OSJ Food Aid USA (<a href=\"https:\/\/www.osjfoodaid.org\/fr\">https:\/\/www.osjfoodaid.org<\/a>), vous acceptez les pr\u00e9sentes conditions d'utilisation. Si vous n'\u00eates pas d'accord, veuillez ne pas utiliser notre site.<\/p>\n<p>\u00a0<\/p>\n<p>1. Utilisation du site web<\/p>\n<p>- Le site web et son contenu sont destin\u00e9s \u00e0 un usage informatif et non commercial li\u00e9 \u00e0 la mission de l'OSJ Food Aid USA.<\/p>\n<p>- Vous devez utiliser le site de mani\u00e8re licite et ne pas abuser, perturber ou tenter de nuire au site ou \u00e0 ses utilisateurs.<\/p>\n<p>\u00a0<\/p>\n<p>2. Respect de la vie priv\u00e9e<\/p>\n<p>- Votre utilisation de ce site web est \u00e9galement soumise \u00e0 notre politique de confidentialit\u00e9, qui explique comment nous collectons et utilisons vos informations.<\/p>\n<p>\u00a0<\/p>\n<p>3. Propri\u00e9t\u00e9 intellectuelle<\/p>\n<p>- Tout le contenu de ce site est la propri\u00e9t\u00e9 d'OSJ Food Aid USA ou de ses conc\u00e9dants de licence et est prot\u00e9g\u00e9 par la loi.<\/p>\n<p>- Vous ne pouvez pas copier, distribuer ou modifier le contenu sans notre autorisation \u00e9crite.<\/p>\n<p>\u00a0<\/p>\n<p>4. Contributions des utilisateurs<\/p>\n<p>- Si vous soumettez des informations ou du mat\u00e9riel (tels que des commentaires ou des demandes de renseignements), vous accordez \u00e0 OSJ Food Aid USA le droit de les utiliser, de les reproduire et de les afficher \u00e0 nos fins.<\/p>\n<p>\u00a0<\/p>\n<p>5. Clause de non-responsabilit\u00e9<\/p>\n<p>- Le site web est fourni \"en l'\u00e9tat\". Nous ne garantissons pas l'exactitude, la fiabilit\u00e9 ou la disponibilit\u00e9 du site ou de son contenu.<\/p>\n<p>\u00a0<\/p>\n<p>6. Limitation de la responsabilit\u00e9<\/p>\n<p>- OSJ Food Aid USA n'est pas responsable des dommages r\u00e9sultant de l'utilisation ou de l'incapacit\u00e9 \u00e0 utiliser le site web.<\/p>\n<p>\u00a0<\/p>\n<p>7. Liens vers d'autres sites<\/p>\n<p>- Notre site web peut contenir des liens vers des sites de tiers. Nous ne sommes pas responsables de leur contenu ou de leurs pratiques en mati\u00e8re de protection de la vie priv\u00e9e.<\/p>\n<p>\u00a0<\/p>\n<p>8. Modifications des conditions<\/p>\n<p>- Nous pouvons mettre \u00e0 jour les pr\u00e9sentes conditions \u00e0 tout moment. Les modifications entrent en vigueur au moment de leur publication. En continuant \u00e0 utiliser le site, vous acceptez les nouvelles conditions.<\/p>\n<p>\u00a0<\/p>\n<p>9. Contact<\/p>\n<p>- Pour toute question, contactez-nous \u00e0 l'adresse suivante <a href=\"mailto:info@osjfoodaid.org\">info@osjfoodaid.org<\/a>.<\/p>\n<p>\u00a0<\/p>\n<p>En utilisant ce site web, vous acceptez les pr\u00e9sentes conditions d'utilisation. Veuillez les consulter r\u00e9guli\u00e8rement pour prendre connaissance des mises \u00e0 jour.<\/p>\t\t\t\t\t\t\t\t<\/div>\n\t\t\t\t\t<\/div>\n\t\t\t\t<\/div>\n\t\t\t\t<\/div>","protected":false},"excerpt":{"rendered":"<p>User Agreement Terms \u00a0 OSJ Food Aid USA \u2013 Website Terms of Use Effective Date: April 16, 2025 \u00a0 By accessing or using the OSJ Food Aid USA website (https:\/\/www.osjfoodaid.org), you agree to these Terms of Use. If you do not agree, please do not use our site. \u00a0 1. Use of the Website &#8211;&hellip; <a class=\"more-link\" href=\"https:\/\/www.osjfoodaid.org\/fr\/accord-dutilisation\/\">Poursuivre la lecture <span class=\"screen-reader-text\">User Agreement<\/span><\/a><\/p>","protected":false},"author":1,"featured_media":0,"parent":0,"menu_order":0,"comment_status":"closed","ping_status":"closed","template":"","meta":{"give_campaign_id":0,"nf_dc_page":"","content-type":"","footnotes":""},"class_list":["post-156","page","type-page","status-publish","hentry","entry"],"campaignId":"","_links":{"self":[{"href":"https:\/\/www.osjfoodaid.org\/fr\/wp-json\/wp\/v2\/pages\/156","targetHints":{"allow":["GET"]}}],"collection":[{"href":"https:\/\/www.osjfoodaid.org\/fr\/wp-json\/wp\/v2\/pages"}],"about":[{"href":"https:\/\/www.osjfoodaid.org\/fr\/wp-json\/wp\/v2\/types\/page"}],"author":[{"embeddable":true,"href":"https:\/\/www.osjfoodaid.org\/fr\/wp-json\/wp\/v2\/users\/1"}],"replies":[{"embeddable":true,"href":"https:\/\/www.osjfoodaid.org\/fr\/wp-json\/wp\/v2\/comments?post=156"}],"version-history":[{"count":7,"href":"https:\/\/www.osjfoodaid.org\/fr\/wp-json\/wp\/v2\/pages\/156\/revisions"}],"predecessor-version":[{"id":1630,"href":"https:\/\/www.osjfoodaid.org\/fr\/wp-json\/wp\/v2\/pages\/156\/revisions\/1630"}],"wp:attachment":[{"href":"https:\/\/www.osjfoodaid.org\/fr\/wp-json\/wp\/v2\/media?parent=156"}],"curies":[{"name":"wp","href":"https:\/\/api.w.org\/{rel}","templated":true}]}}