{"id":151,"date":"2025-02-07T14:21:49","date_gmt":"2025-02-07T19:21:49","guid":{"rendered":"https:\/\/aid.azu.mybluehost.me\/website_408b340e\/?page_id=151"},"modified":"2025-04-16T05:56:20","modified_gmt":"2025-04-16T09:56:20","slug":"gestion-des-cookies","status":"publish","type":"page","link":"https:\/\/www.osjfoodaid.org\/fr\/gestion-des-cookies\/","title":{"rendered":"Gestion des cookies"},"content":{"rendered":"<div data-elementor-type=\"wp-page\" data-elementor-id=\"151\" class=\"elementor elementor-151\" data-elementor-post-type=\"page\">\n\t\t\t\t<div class=\"elementor-element elementor-element-38e0436f e-flex e-con-boxed e-con e-parent\" data-id=\"38e0436f\" data-element_type=\"container\">\n\t\t\t\t\t<div class=\"e-con-inner\">\n\t\t\t\t<div class=\"elementor-element elementor-element-2594250 elementor-widget elementor-widget-text-editor\" data-id=\"2594250\" data-element_type=\"widget\" data-widget_type=\"text-editor.default\">\n\t\t\t\t\t\t\t\t\t\n<p>\u00a0<\/p>\n<p><strong>\u00a0Politique de gestion des cookies de l'OSJ Food Aid USA<\/strong><\/p>\n<p>\u00a0<\/p>\n<p>OSJ Food Aid USA (\"nous\", \"notre\" ou \"nos\") s'engage \u00e0 prot\u00e9ger votre vie priv\u00e9e et \u00e0 assurer la transparence sur la fa\u00e7on dont nous utilisons les cookies et les technologies similaires sur notre site web, [<a href=\"https:\/\/www.osjfoodaid.org\/fr\">www.osjfoodaid.org<\/a>]<\/p>\n<p>\u00a0<\/p>\n<p>Cette politique explique ce que sont les cookies, comment nous les utilisons, quels sont vos choix et comment vous pouvez g\u00e9rer vos pr\u00e9f\u00e9rences en mati\u00e8re de cookies.<\/p>\n<p>\u00a0<\/p>\n<p><strong>Qu'est-ce qu'un cookie ?<\/strong><\/p>\n<p>Les cookies sont de petits fichiers texte stock\u00e9s sur votre appareil lorsque vous visitez un site web. Ils nous aident \u00e0 m\u00e9moriser vos pr\u00e9f\u00e9rences, \u00e0 am\u00e9liorer les performances du site et \u00e0 vous offrir une exp\u00e9rience personnalis\u00e9e. Certains cookies sont essentiels au fonctionnement du site web, tandis que d'autres nous aident \u00e0 analyser l'utilisation ou \u00e0 fournir un contenu cibl\u00e9.<\/p>\n<p>\u00a0<\/p>\n<p><strong>Types de cookies que nous utilisons<\/strong><\/p>\n<p>- Cookies strictement n\u00e9cessaires : Ils sont essentiels au fonctionnement du site web et ne peuvent pas \u00eatre d\u00e9sactiv\u00e9s.<\/p>\n<p>- Cookies de performance\/analytique : Ils nous aident \u00e0 comprendre comment les visiteurs interagissent avec notre site web afin d'am\u00e9liorer l'exp\u00e9rience de l'utilisateur.<\/p>\n<p>- Cookies fonctionnels : Ils m\u00e9morisent les choix que vous faites pour am\u00e9liorer votre exp\u00e9rience.<\/p>\n<p>- Cookies de marketing : Suivre les habitudes de navigation afin de proposer un contenu et une publicit\u00e9 pertinents.<\/p>\n<p>\u00a0<\/p>\n<p><strong>Comment nous utilisons les cookies<\/strong><\/p>\n<p>Nous utilisons des cookies pour :<\/p>\n<p>- Assurer la fonctionnalit\u00e9 et la s\u00e9curit\u00e9 du site web.<\/p>\n<p>- Analyser le trafic sur le site web et les sch\u00e9mas d'utilisation.<\/p>\n<p>- M\u00e9moriser vos pr\u00e9f\u00e9rences et vos param\u00e8tres.<\/p>\n<p>- Fournir un contenu et un marketing personnalis\u00e9s, le cas \u00e9ch\u00e9ant.<\/p>\n<p>\u00a0<\/p>\n<p><strong>Votre consentement et vos choix<\/strong><\/p>\n<p>- En visitant notre site web, vous verrez appara\u00eetre une banni\u00e8re de cookies vous demandant votre consentement pour les cookies non essentiels.<\/p>\n<p>- Vous pouvez accepter ou refuser diff\u00e9rentes cat\u00e9gories de cookies, \u00e0 l'exception de ceux qui sont strictement n\u00e9cessaires au fonctionnement du site web.<\/p>\n<p>- Vous pouvez retirer ou modifier votre consentement \u00e0 tout moment en ajustant les param\u00e8tres de votre navigateur ou en utilisant notre outil de gestion des cookies.<\/p>\n<p>- Pour les utilisateurs de certaines juridictions (par exemple, l'UE, la Californie), des droits suppl\u00e9mentaires peuvent s'appliquer, y compris le droit de refuser la vente ou le suivi des donn\u00e9es.<\/p>\n<p>\u00a0<\/p>\n<p><strong>Gestion des cookies<\/strong><\/p>\n<p>Vous pouvez g\u00e9rer ou d\u00e9sactiver les cookies par le biais des param\u00e8tres de votre navigateur. Pour plus d'informations sur la mani\u00e8re de contr\u00f4ler les cookies, veuillez consulter notre [Politique en mati\u00e8re de cookies] (<a href=\"https:\/\/www.osjfoodaid.org\/fr\/cookie-policy\/\">https:\/\/www.osjfoodaid.org\/cookie-policy<\/a>) ou nous contacter \u00e0 [<a href=\"mailto:info@osjfoodaid.org\">info@osjfoodaid.org<\/a>]<\/p>\n<p>\u00a0<\/p>\n<p><strong>Cookies de tiers<\/strong><\/p>\n<p>Certains cookies peuvent \u00eatre install\u00e9s par des fournisseurs tiers pour fournir des services ou de la publicit\u00e9. Nous sommes transparents quant \u00e0 ces fournisseurs et \u00e0 leurs objectifs dans notre politique en mati\u00e8re de cookies.<\/p>\n<p>\u00a0<\/p>\n<p><strong>Mises \u00e0 jour de la politique<\/strong><\/p>\n<p>Nous r\u00e9visons et mettons r\u00e9guli\u00e8rement \u00e0 jour nos pratiques en mati\u00e8re de cookies afin de nous conformer aux lois et aux meilleures pratiques mondiales en mati\u00e8re de protection de la vie priv\u00e9e. Les modifications seront publi\u00e9es sur cette page.<\/p>\n<p>\u00a0<\/p>\n<p><strong>Nous contacter<\/strong><\/p>\n<p>Pour toute question ou pr\u00e9occupation concernant nos pratiques en mati\u00e8re de cookies, veuillez nous envoyer un courrier \u00e9lectronique \u00e0 l'adresse suivante : [<a href=\"mailto:info@osjfoodaid.org\">info@osjfoodaid.org<\/a>]<\/p>\t\t\t\t\t\t\t\t<\/div>\n\t\t\t\t\t<\/div>\n\t\t\t\t<\/div>\n\t\t\t\t<\/div>","protected":false},"excerpt":{"rendered":"<p>\u00a0 \u00a0OSJ Food Aid USA Cookie Management Policy \u00a0 OSJ Food Aid USA (\u201cwe\u201d, \u201cus\u201d, or \u201cour\u201d) is committed to protecting your privacy and ensuring transparency about how we use cookies and similar technologies on our website, [www.osjfoodaid.org] \u00a0 This policy explains what cookies are, how we use them, your choices, and how you can&hellip; <a class=\"more-link\" href=\"https:\/\/www.osjfoodaid.org\/fr\/gestion-des-cookies\/\">Poursuivre la lecture <span class=\"screen-reader-text\">Gestion des cookies<\/span><\/a><\/p>","protected":false},"author":1,"featured_media":0,"parent":0,"menu_order":0,"comment_status":"closed","ping_status":"closed","template":"","meta":{"give_campaign_id":0,"nf_dc_page":"","content-type":"","footnotes":""},"class_list":["post-151","page","type-page","status-publish","hentry","entry"],"campaignId":"","_links":{"self":[{"href":"https:\/\/www.osjfoodaid.org\/fr\/wp-json\/wp\/v2\/pages\/151","targetHints":{"allow":["GET"]}}],"collection":[{"href":"https:\/\/www.osjfoodaid.org\/fr\/wp-json\/wp\/v2\/pages"}],"about":[{"href":"https:\/\/www.osjfoodaid.org\/fr\/wp-json\/wp\/v2\/types\/page"}],"author":[{"embeddable":true,"href":"https:\/\/www.osjfoodaid.org\/fr\/wp-json\/wp\/v2\/users\/1"}],"replies":[{"embeddable":true,"href":"https:\/\/www.osjfoodaid.org\/fr\/wp-json\/wp\/v2\/comments?post=151"}],"version-history":[{"count":9,"href":"https:\/\/www.osjfoodaid.org\/fr\/wp-json\/wp\/v2\/pages\/151\/revisions"}],"predecessor-version":[{"id":1636,"href":"https:\/\/www.osjfoodaid.org\/fr\/wp-json\/wp\/v2\/pages\/151\/revisions\/1636"}],"wp:attachment":[{"href":"https:\/\/www.osjfoodaid.org\/fr\/wp-json\/wp\/v2\/media?parent=151"}],"curies":[{"name":"wp","href":"https:\/\/api.w.org\/{rel}","templated":true}]}}