{"id":145,"date":"2025-02-07T14:16:30","date_gmt":"2025-02-07T19:16:30","guid":{"rendered":"https:\/\/aid.azu.mybluehost.me\/website_408b340e\/?page_id=145"},"modified":"2025-04-16T05:29:42","modified_gmt":"2025-04-16T09:29:42","slug":"protection-des-donnees","status":"publish","type":"page","link":"https:\/\/www.osjfoodaid.org\/fr\/protection-des-donnees\/","title":{"rendered":"Data Protection"},"content":{"rendered":"<div data-elementor-type=\"wp-page\" data-elementor-id=\"145\" class=\"elementor elementor-145\" data-elementor-post-type=\"page\">\n\t\t\t\t<div class=\"elementor-element elementor-element-66de74dc e-flex e-con-boxed e-con e-parent\" data-id=\"66de74dc\" data-element_type=\"container\">\n\t\t\t\t\t<div class=\"e-con-inner\">\n\t\t\t\t<div class=\"elementor-element elementor-element-7caafabc elementor-widget elementor-widget-text-editor\" data-id=\"7caafabc\" data-element_type=\"widget\" data-widget_type=\"text-editor.default\">\n\t\t\t\t\t\t\t\t\t<h2 class=\"wp-block-heading\"><em>Politique de protection des donn\u00e9es<\/em><\/h2>\n<p>\u00a0<\/p>\n<p><em>OSJ Food Aid est une organisation \u00e0 but non lucratif enregistr\u00e9e aux \u00c9tats-Unis sous le num\u00e9ro 501(c)(3), EIN# 33-2992004.\u00a0<\/em><\/p>\n<p><em>L'adresse de notre site web est la suivante <a href=\"https:\/\/www.osjfoodaid.org\/fr\">https:\/\/www.osjfoodaid.org<\/a><\/em><\/p>\n<p><em><!-- \/wp:paragraph --><!-- wp:heading --><\/em><\/p>\n<p>\u00a0<\/p>\n<p><em>1. Objet :<\/em><\/p>\n<p><em>Cette politique d\u00e9crit nos pratiques en mati\u00e8re de collecte, d'utilisation, de stockage et de sauvegarde des donn\u00e9es personnelles appartenant aux utilisateurs du monde entier, en adh\u00e9rant aux lois applicables en mati\u00e8re de protection des donn\u00e9es, telles que le GDPR, le CCPA et d'autres r\u00e9glementations pertinentes.<\/em><\/p>\n<p>\u00a0<\/p>\n<p><em>2. Collecte de donn\u00e9es :<\/em><\/p>\n<p><em>Nous ne collectons que les donn\u00e9es personnelles n\u00e9cessaires, y compris le nom, l'adresse \u00e9lectronique, l'adresse IP et les donn\u00e9es d'utilisation, afin de fournir et d'am\u00e9liorer nos services.<\/em><\/p>\n<p>\u00a0<\/p>\n<p><em>3. Utilisation des donn\u00e9es :<\/em><\/p>\n<p><em>Les donn\u00e9es personnelles sont utilis\u00e9es pour la gestion des comptes, la fourniture de services, l'assistance \u00e0 la client\u00e8le, l'analyse et la communication. Nous ne vendons ni ne partageons les donn\u00e9es personnelles avec des tiers, sauf si la loi l'exige ou si l'utilisateur y consent.<\/em><\/p>\n<p>\u00a0<\/p>\n<p><em>4. Stockage et s\u00e9curit\u00e9 des donn\u00e9es :<\/em><\/p>\n<p><em>Nous stockons en toute s\u00e9curit\u00e9 les donn\u00e9es personnelles en utilisant un cryptage et des contr\u00f4les d'acc\u00e8s conformes aux normes de l'industrie. La conservation des donn\u00e9es est limit\u00e9e \u00e0 la dur\u00e9e n\u00e9cessaire aux fins sp\u00e9cifi\u00e9es.<\/em><\/p>\n<p>\u00a0<\/p>\n<p><em>5. Transferts internationaux :<\/em><\/p>\n<p><em>Lorsque les donn\u00e9es sont transf\u00e9r\u00e9es en dehors du pays de l'utilisateur, nous mettons en \u0153uvre des mesures de protection ad\u00e9quates par le biais de clauses contractuelles standard ou d'autres garanties l\u00e9gales.<\/em><\/p>\n<p>\u00a0<\/p>\n<p><em>6. Droits de l'utilisateur :<\/em><\/p>\n<p><em>Les utilisateurs ont le droit d'acc\u00e9der \u00e0 leurs donn\u00e9es personnelles, de les rectifier, de les supprimer ou de les restreindre, et de s'opposer \u00e0 certains traitements. Les demandes peuvent \u00eatre faites par le biais de notre formulaire de contact ou par courrier \u00e9lectronique.<\/em><\/p>\n<p>\u00a0<\/p>\n<p><em>7. Cookies et suivi :<\/em><\/p>\n<p><em>Nous utilisons des cookies et des technologies similaires pour la fonctionnalit\u00e9 et l'analyse du site web, sous r\u00e9serve du consentement de l'utilisateur le cas \u00e9ch\u00e9ant.<\/em><\/p>\n<p>\u00a0<\/p>\n<p><em>8. Contact :<\/em><\/p>\n<p><em>Pour toute question ou pour exercer vos droits, veuillez contacter : info@osjfoodaid.org.<\/em><\/p>\n<p>\u00a0<\/p>\n<p><em>9. Mises \u00e0 jour :<\/em><\/p>\n<p><em>Nous pouvons mettre \u00e0 jour cette politique et nous informerons rapidement les utilisateurs des changements significatifs.<\/em><\/p>\n<p>\u00a0<\/p>\n<p><!-- \/wp:paragraph --><\/p>\t\t\t\t\t\t\t\t<\/div>\n\t\t\t\t\t<\/div>\n\t\t\t\t<\/div>\n\t\t\t\t<\/div>","protected":false},"excerpt":{"rendered":"<p>Data Protection Policy \u00a0 OSJ Food Aid is a registered 501(c)(3) nonprofit organization in the US, EIN# 33-2992004.\u00a0 Our website address is https:\/\/www.osjfoodaid.org \u00a0 1. Purpose: This policy outlines our practices for collecting, utilizing, storing, and safeguarding personal data belonging to users worldwide, adhering to applicable data protection laws such as GDPR, CCPA, and other&hellip; <a class=\"more-link\" href=\"https:\/\/www.osjfoodaid.org\/fr\/protection-des-donnees\/\">Poursuivre la lecture <span class=\"screen-reader-text\">Data Protection<\/span><\/a><\/p>","protected":false},"author":1,"featured_media":0,"parent":0,"menu_order":0,"comment_status":"closed","ping_status":"closed","template":"","meta":{"give_campaign_id":0,"nf_dc_page":"","content-type":"","footnotes":""},"class_list":["post-145","page","type-page","status-publish","hentry","entry"],"campaignId":"","_links":{"self":[{"href":"https:\/\/www.osjfoodaid.org\/fr\/wp-json\/wp\/v2\/pages\/145","targetHints":{"allow":["GET"]}}],"collection":[{"href":"https:\/\/www.osjfoodaid.org\/fr\/wp-json\/wp\/v2\/pages"}],"about":[{"href":"https:\/\/www.osjfoodaid.org\/fr\/wp-json\/wp\/v2\/types\/page"}],"author":[{"embeddable":true,"href":"https:\/\/www.osjfoodaid.org\/fr\/wp-json\/wp\/v2\/users\/1"}],"replies":[{"embeddable":true,"href":"https:\/\/www.osjfoodaid.org\/fr\/wp-json\/wp\/v2\/comments?post=145"}],"version-history":[{"count":23,"href":"https:\/\/www.osjfoodaid.org\/fr\/wp-json\/wp\/v2\/pages\/145\/revisions"}],"predecessor-version":[{"id":1623,"href":"https:\/\/www.osjfoodaid.org\/fr\/wp-json\/wp\/v2\/pages\/145\/revisions\/1623"}],"wp:attachment":[{"href":"https:\/\/www.osjfoodaid.org\/fr\/wp-json\/wp\/v2\/media?parent=145"}],"curies":[{"name":"wp","href":"https:\/\/api.w.org\/{rel}","templated":true}]}}