{"id":156,"date":"2025-02-07T14:25:28","date_gmt":"2025-02-07T19:25:28","guid":{"rendered":"https:\/\/aid.azu.mybluehost.me\/website_408b340e\/?page_id=156"},"modified":"2025-04-16T05:40:33","modified_gmt":"2025-04-16T09:40:33","slug":"kayttajasopimus","status":"publish","type":"page","link":"https:\/\/www.osjfoodaid.org\/fi\/kayttajasopimus\/","title":{"rendered":"User Agreement"},"content":{"rendered":"<div data-elementor-type=\"wp-page\" data-elementor-id=\"156\" class=\"elementor elementor-156\" data-elementor-post-type=\"page\">\n\t\t\t\t<div class=\"elementor-element elementor-element-77b32ce6 e-flex e-con-boxed e-con e-parent\" data-id=\"77b32ce6\" data-element_type=\"container\">\n\t\t\t\t\t<div class=\"e-con-inner\">\n\t\t\t\t<div class=\"elementor-element elementor-element-33cae418 elementor-widget elementor-widget-text-editor\" data-id=\"33cae418\" data-element_type=\"widget\" data-widget_type=\"text-editor.default\">\n\t\t\t\t\t\t\t\t\t\n<p><strong>K\u00e4ytt\u00e4j\u00e4sopimuksen ehdot<\/strong><\/p>\n<p>\u00a0<\/p>\n<p>OSJ Food Aid USA - Verkkosivuston k\u00e4ytt\u00f6ehdot<\/p>\n<p>Voimaantulop\u00e4iv\u00e4: 2025<\/p>\n<p>\u00a0<\/p>\n<p>K\u00e4ym\u00e4ll\u00e4 tai k\u00e4ytt\u00e4m\u00e4ll\u00e4 OSJ Food Aid USA:n verkkosivustoa (<a href=\"https:\/\/www.osjfoodaid.org\/fi\">https:\/\/www.osjfoodaid.org<\/a>), hyv\u00e4ksyt n\u00e4m\u00e4 k\u00e4ytt\u00f6ehdot. Jos et hyv\u00e4ksy, \u00e4l\u00e4 k\u00e4yt\u00e4 sivustoamme.<\/p>\n<p>\u00a0<\/p>\n<p>1. Verkkosivuston k\u00e4ytt\u00f6<\/p>\n<p>- Verkkosivusto ja sen sis\u00e4lt\u00f6 on tarkoitettu OSJ Food Aid USA:n teht\u00e4viin liittyv\u00e4\u00e4n informatiiviseen ja ei-kaupalliseen k\u00e4ytt\u00f6\u00f6n.<\/p>\n<p>- Sinun on k\u00e4ytett\u00e4v\u00e4 sivustoa laillisesti, etk\u00e4 saa k\u00e4ytt\u00e4\u00e4 sit\u00e4 v\u00e4\u00e4rin, h\u00e4irit\u00e4 tai yritt\u00e4\u00e4 vahingoittaa sivustoa tai sen k\u00e4ytt\u00e4ji\u00e4.<\/p>\n<p>\u00a0<\/p>\n<p>2. Yksityisyys<\/p>\n<p>- T\u00e4m\u00e4n verkkosivuston k\u00e4ytt\u00f6\u00e4si koskee my\u00f6s tietosuojak\u00e4yt\u00e4nt\u00f6mme, jossa selitet\u00e4\u00e4n, miten ker\u00e4\u00e4mme ja k\u00e4yt\u00e4mme tietojasi.<\/p>\n<p>\u00a0<\/p>\n<p>3. Henkinen omaisuus<\/p>\n<p>- Kaikki t\u00e4m\u00e4n sivuston sis\u00e4lt\u00f6 on OSJ Food Aid USA:n tai sen lisenssinantajien omistuksessa ja lailla suojattua.<\/p>\n<p>- Sis\u00e4lt\u00f6\u00e4 ei saa kopioida, levitt\u00e4\u00e4 tai muokata ilman kirjallista lupaamme.<\/p>\n<p>\u00a0<\/p>\n<p>4. K\u00e4ytt\u00e4j\u00e4n panos<\/p>\n<p>- Jos l\u00e4het\u00e4t tietoja tai materiaalia (kuten palautetta tai kyselyit\u00e4), annat OSJ Food Aid USA:lle oikeuden k\u00e4ytt\u00e4\u00e4, j\u00e4ljent\u00e4\u00e4 ja n\u00e4ytt\u00e4\u00e4 niit\u00e4 omiin tarkoituksiimme.<\/p>\n<p>\u00a0<\/p>\n<p>5. Vastuuvapauslauseke<\/p>\n<p>- Sivusto tarjotaan sellaisena kuin se on. Emme takaa sivuston tai sen sis\u00e4ll\u00f6n tarkkuutta, luotettavuutta tai saatavuutta.<\/p>\n<p>\u00a0<\/p>\n<p>6. Vastuun rajoittaminen<\/p>\n<p>- OSJ Food Aid USA ei ole vastuussa mist\u00e4\u00e4n vahingoista, jotka johtuvat siit\u00e4, ett\u00e4 k\u00e4yt\u00e4t tai et pysty k\u00e4ytt\u00e4m\u00e4\u00e4n verkkosivustoa.<\/p>\n<p>\u00a0<\/p>\n<p>7. Linkit muille sivustoille<\/p>\n<p>- Verkkosivustomme voi linkitt\u00e4\u00e4 kolmansien osapuolten sivustoihin. Emme ole vastuussa niiden sis\u00e4ll\u00f6st\u00e4 tai tietosuojak\u00e4yt\u00e4nn\u00f6ist\u00e4.<\/p>\n<p>\u00a0<\/p>\n<p>8. Muutokset ehtoihin<\/p>\n<p>- Voimme p\u00e4ivitt\u00e4\u00e4 n\u00e4it\u00e4 ehtoja milloin tahansa. Muutokset tulevat voimaan, kun ne julkaistaan. Sivuston k\u00e4yt\u00f6n jatkaminen tarkoittaa, ett\u00e4 hyv\u00e4ksyt uudet ehdot.<\/p>\n<p>\u00a0<\/p>\n<p>9. Yhteystiedot<\/p>\n<p>- Jos sinulla on kysytt\u00e4v\u00e4\u00e4, ota yhteytt\u00e4 osoitteeseen <a href=\"mailto:info@osjfoodaid.org\">info@osjfoodaid.org<\/a>.<\/p>\n<p>\u00a0<\/p>\n<p>K\u00e4ytt\u00e4m\u00e4ll\u00e4 t\u00e4t\u00e4 verkkosivustoa hyv\u00e4ksyt n\u00e4m\u00e4 k\u00e4ytt\u00f6ehdot. Tarkista ne s\u00e4\u00e4nn\u00f6llisesti p\u00e4ivitysten varalta.<\/p>\t\t\t\t\t\t\t\t<\/div>\n\t\t\t\t\t<\/div>\n\t\t\t\t<\/div>\n\t\t\t\t<\/div>","protected":false},"excerpt":{"rendered":"<p>User Agreement Terms \u00a0 OSJ Food Aid USA \u2013 Website Terms of Use Effective Date: April 16, 2025 \u00a0 By accessing or using the OSJ Food Aid USA website (https:\/\/www.osjfoodaid.org), you agree to these Terms of Use. If you do not agree, please do not use our site. \u00a0 1. Use of the Website &#8211;&hellip; <a class=\"more-link\" href=\"https:\/\/www.osjfoodaid.org\/fi\/kayttajasopimus\/\">Jatka lukemista <span class=\"screen-reader-text\">User Agreement<\/span><\/a><\/p>","protected":false},"author":1,"featured_media":0,"parent":0,"menu_order":0,"comment_status":"closed","ping_status":"closed","template":"","meta":{"give_campaign_id":0,"nf_dc_page":"","content-type":"","footnotes":""},"class_list":["post-156","page","type-page","status-publish","hentry","entry"],"campaignId":"","_links":{"self":[{"href":"https:\/\/www.osjfoodaid.org\/fi\/wp-json\/wp\/v2\/pages\/156","targetHints":{"allow":["GET"]}}],"collection":[{"href":"https:\/\/www.osjfoodaid.org\/fi\/wp-json\/wp\/v2\/pages"}],"about":[{"href":"https:\/\/www.osjfoodaid.org\/fi\/wp-json\/wp\/v2\/types\/page"}],"author":[{"embeddable":true,"href":"https:\/\/www.osjfoodaid.org\/fi\/wp-json\/wp\/v2\/users\/1"}],"replies":[{"embeddable":true,"href":"https:\/\/www.osjfoodaid.org\/fi\/wp-json\/wp\/v2\/comments?post=156"}],"version-history":[{"count":7,"href":"https:\/\/www.osjfoodaid.org\/fi\/wp-json\/wp\/v2\/pages\/156\/revisions"}],"predecessor-version":[{"id":1630,"href":"https:\/\/www.osjfoodaid.org\/fi\/wp-json\/wp\/v2\/pages\/156\/revisions\/1630"}],"wp:attachment":[{"href":"https:\/\/www.osjfoodaid.org\/fi\/wp-json\/wp\/v2\/media?parent=156"}],"curies":[{"name":"wp","href":"https:\/\/api.w.org\/{rel}","templated":true}]}}