{"id":151,"date":"2025-02-07T14:21:49","date_gmt":"2025-02-07T19:21:49","guid":{"rendered":"https:\/\/aid.azu.mybluehost.me\/website_408b340e\/?page_id=151"},"modified":"2025-04-16T05:56:20","modified_gmt":"2025-04-16T09:56:20","slug":"evasteiden-hallinta","status":"publish","type":"page","link":"https:\/\/www.osjfoodaid.org\/fi\/evasteiden-hallinta\/","title":{"rendered":"Ev\u00e4steiden hallinta"},"content":{"rendered":"<div data-elementor-type=\"wp-page\" data-elementor-id=\"151\" class=\"elementor elementor-151\" data-elementor-post-type=\"page\">\n\t\t\t\t<div class=\"elementor-element elementor-element-38e0436f e-flex e-con-boxed e-con e-parent\" data-id=\"38e0436f\" data-element_type=\"container\">\n\t\t\t\t\t<div class=\"e-con-inner\">\n\t\t\t\t<div class=\"elementor-element elementor-element-2594250 elementor-widget elementor-widget-text-editor\" data-id=\"2594250\" data-element_type=\"widget\" data-widget_type=\"text-editor.default\">\n\t\t\t\t\t\t\t\t\t\n<p>\u00a0<\/p>\n<p><strong>\u00a0OSJ Food Aid USA:n ev\u00e4steiden hallintak\u00e4yt\u00e4nt\u00f6<\/strong><\/p>\n<p>\u00a0<\/p>\n<p>OSJ Food Aid USA (\"me\", \"meit\u00e4\" tai \"meid\u00e4n\") on sitoutunut suojelemaan yksityisyytt\u00e4si ja varmistamaan avoimuuden sen suhteen, miten k\u00e4yt\u00e4mme ev\u00e4steit\u00e4 ja muita vastaavia tekniikoita verkkosivustollamme, [<a href=\"https:\/\/www.osjfoodaid.org\/fi\">www.osjfoodaid.org<\/a>]<\/p>\n<p>\u00a0<\/p>\n<p>T\u00e4m\u00e4 k\u00e4yt\u00e4nt\u00f6 selitt\u00e4\u00e4, mit\u00e4 ev\u00e4steet ovat, miten k\u00e4yt\u00e4mme niit\u00e4, valintasi ja miten voit hallita ev\u00e4steasetuksiasi.<\/p>\n<p>\u00a0<\/p>\n<p><strong>Mit\u00e4 ev\u00e4steet ovat?<\/strong><\/p>\n<p>Ev\u00e4steet ovat pieni\u00e4 tekstitiedostoja, jotka tallennetaan laitteellesi, kun vierailet verkkosivustolla. Ne auttavat meit\u00e4 muistamaan mieltymyksesi, parantamaan sivuston suorituskyky\u00e4 ja tarjoamaan henkil\u00f6kohtaisen kokemuksen. Jotkin ev\u00e4steet ovat v\u00e4ltt\u00e4m\u00e4tt\u00f6mi\u00e4 verkkosivuston toiminnalle, kun taas toiset auttavat meit\u00e4 analysoimaan k\u00e4ytt\u00f6\u00e4 tai tarjoamaan kohdennettua sis\u00e4lt\u00f6\u00e4.<\/p>\n<p>\u00a0<\/p>\n<p><strong>K\u00e4ytt\u00e4miemme ev\u00e4steiden tyypit<\/strong><\/p>\n<p>- Ehdottoman v\u00e4ltt\u00e4m\u00e4tt\u00f6m\u00e4t ev\u00e4steet: V\u00e4ltt\u00e4m\u00e4tt\u00f6mi\u00e4 verkkosivuston toiminnan kannalta, eik\u00e4 niit\u00e4 voi kytke\u00e4 pois p\u00e4\u00e4lt\u00e4.<\/p>\n<p>- Suorituskyky-\/analytiikkaev\u00e4steet: Auttaa meit\u00e4 ymm\u00e4rt\u00e4m\u00e4\u00e4n, miten k\u00e4vij\u00e4t ovat vuorovaikutuksessa verkkosivustomme kanssa, jotta voimme parantaa k\u00e4ytt\u00e4j\u00e4kokemusta.<\/p>\n<p>- Toiminnalliset ev\u00e4steet: Muistavat tekem\u00e4si valinnat kokemuksesi parantamiseksi.<\/p>\n<p>- Markkinointi ev\u00e4steet: Seurataan selaustottumuksia, jotta voidaan tarjota asianmukaista sis\u00e4lt\u00f6\u00e4 ja mainontaa.<\/p>\n<p>\u00a0<\/p>\n<p><strong>Kuinka k\u00e4yt\u00e4mme ev\u00e4steit\u00e4<\/strong><\/p>\n<p>K\u00e4yt\u00e4mme ev\u00e4steit\u00e4:<\/p>\n<p>- Varmistaa verkkosivuston toimivuus ja turvallisuus.<\/p>\n<p>- Analysoi verkkosivuston liikennett\u00e4 ja k\u00e4ytt\u00f6tapoja.<\/p>\n<p>- Muista asetukset ja asetukset.<\/p>\n<p>- Tarjoa tarvittaessa yksil\u00f6llist\u00e4 sis\u00e4lt\u00f6\u00e4 ja markkinointia.<\/p>\n<p>\u00a0<\/p>\n<p><strong>Suostumuksesi ja valintasi<\/strong><\/p>\n<p>- Kun vierailet verkkosivustollamme, sinulle n\u00e4ytet\u00e4\u00e4n ev\u00e4stebanneri, jossa pyydet\u00e4\u00e4n suostumustasi ei-t\u00e4rkeit\u00e4 ev\u00e4steit\u00e4 varten.<\/p>\n<p>- Voit hyv\u00e4ksy\u00e4 tai hyl\u00e4t\u00e4 eri ev\u00e4steluokkia, lukuun ottamatta niit\u00e4, jotka ovat ehdottoman v\u00e4ltt\u00e4m\u00e4tt\u00f6mi\u00e4 verkkosivuston toiminnan kannalta.<\/p>\n<p>- Voit peruuttaa tai muuttaa suostumustasi milloin tahansa muuttamalla selaimesi asetuksia tai k\u00e4ytt\u00e4m\u00e4ll\u00e4 ev\u00e4steiden hallintaty\u00f6kalua.<\/p>\n<p>- Tietyill\u00e4 laink\u00e4ytt\u00f6alueilla (esim. EU, Kalifornia) oleviin k\u00e4ytt\u00e4jiin voi kohdistua lis\u00e4oikeuksia, kuten oikeus kielt\u00e4yty\u00e4 tietojen myynnist\u00e4 tai seurannasta.<\/p>\n<p>\u00a0<\/p>\n<p><strong>Ev\u00e4steiden hallinta<\/strong><\/p>\n<p>Voit hallita ev\u00e4steit\u00e4 tai poistaa ne k\u00e4yt\u00f6st\u00e4 selaimesi asetuksista. Lis\u00e4tietoja ev\u00e4steiden hallitsemisesta on [Ev\u00e4stek\u00e4yt\u00e4nt\u00f6]((<a href=\"https:\/\/www.osjfoodaid.org\/fi\/cookie-policy\/\">https:\/\/www.osjfoodaid.org\/cookie-policy<\/a>) tai ota meihin yhteytt\u00e4 [<a href=\"mailto:info@osjfoodaid.org\">info@osjfoodaid.org<\/a>]<\/p>\n<p>\u00a0<\/p>\n<p><strong>Kolmannen osapuolen ev\u00e4steet<\/strong><\/p>\n<p>Kolmannen osapuolen palveluntarjoajat voivat asettaa joitakin ev\u00e4steit\u00e4 palvelujen tai mainonnan toimittamiseksi. Olemme avoimia n\u00e4iden palveluntarjoajien ja niiden tarkoitusten suhteen ev\u00e4stek\u00e4yt\u00e4nn\u00f6ss\u00e4mme.<\/p>\n<p>\u00a0<\/p>\n<p><strong>Politiikan p\u00e4ivitykset<\/strong><\/p>\n<p>Tarkistamme ja p\u00e4ivit\u00e4mme ev\u00e4stek\u00e4yt\u00e4nt\u00f6j\u00e4mme s\u00e4\u00e4nn\u00f6llisesti noudattaaksemme maailmanlaajuisia tietosuojalakeja ja parhaita k\u00e4yt\u00e4nt\u00f6j\u00e4. Muutokset julkaistaan t\u00e4ll\u00e4 sivulla.<\/p>\n<p>\u00a0<\/p>\n<p><strong>Ota yhteytt\u00e4<\/strong><\/p>\n<p>Jos sinulla on kysymyksi\u00e4 tai huolenaiheita ev\u00e4stek\u00e4yt\u00e4nn\u00f6ist\u00e4mme, l\u00e4het\u00e4 meille s\u00e4hk\u00f6postia osoitteeseen [<a href=\"mailto:info@osjfoodaid.org\">info@osjfoodaid.org<\/a>]<\/p>\t\t\t\t\t\t\t\t<\/div>\n\t\t\t\t\t<\/div>\n\t\t\t\t<\/div>\n\t\t\t\t<\/div>","protected":false},"excerpt":{"rendered":"<p>\u00a0 \u00a0OSJ Food Aid USA Cookie Management Policy \u00a0 OSJ Food Aid USA (\u201cwe\u201d, \u201cus\u201d, or \u201cour\u201d) is committed to protecting your privacy and ensuring transparency about how we use cookies and similar technologies on our website, [www.osjfoodaid.org] \u00a0 This policy explains what cookies are, how we use them, your choices, and how you can&hellip; <a class=\"more-link\" href=\"https:\/\/www.osjfoodaid.org\/fi\/evasteiden-hallinta\/\">Jatka lukemista <span class=\"screen-reader-text\">Ev\u00e4steiden hallinta<\/span><\/a><\/p>","protected":false},"author":1,"featured_media":0,"parent":0,"menu_order":0,"comment_status":"closed","ping_status":"closed","template":"","meta":{"give_campaign_id":0,"nf_dc_page":"","content-type":"","footnotes":""},"class_list":["post-151","page","type-page","status-publish","hentry","entry"],"campaignId":"","_links":{"self":[{"href":"https:\/\/www.osjfoodaid.org\/fi\/wp-json\/wp\/v2\/pages\/151","targetHints":{"allow":["GET"]}}],"collection":[{"href":"https:\/\/www.osjfoodaid.org\/fi\/wp-json\/wp\/v2\/pages"}],"about":[{"href":"https:\/\/www.osjfoodaid.org\/fi\/wp-json\/wp\/v2\/types\/page"}],"author":[{"embeddable":true,"href":"https:\/\/www.osjfoodaid.org\/fi\/wp-json\/wp\/v2\/users\/1"}],"replies":[{"embeddable":true,"href":"https:\/\/www.osjfoodaid.org\/fi\/wp-json\/wp\/v2\/comments?post=151"}],"version-history":[{"count":9,"href":"https:\/\/www.osjfoodaid.org\/fi\/wp-json\/wp\/v2\/pages\/151\/revisions"}],"predecessor-version":[{"id":1636,"href":"https:\/\/www.osjfoodaid.org\/fi\/wp-json\/wp\/v2\/pages\/151\/revisions\/1636"}],"wp:attachment":[{"href":"https:\/\/www.osjfoodaid.org\/fi\/wp-json\/wp\/v2\/media?parent=151"}],"curies":[{"name":"wp","href":"https:\/\/api.w.org\/{rel}","templated":true}]}}