{"id":145,"date":"2025-02-07T14:16:30","date_gmt":"2025-02-07T19:16:30","guid":{"rendered":"https:\/\/aid.azu.mybluehost.me\/website_408b340e\/?page_id=145"},"modified":"2025-04-16T05:29:42","modified_gmt":"2025-04-16T09:29:42","slug":"tietosuoja","status":"publish","type":"page","link":"https:\/\/www.osjfoodaid.org\/fi\/tietosuoja\/","title":{"rendered":"Data Protection"},"content":{"rendered":"<div data-elementor-type=\"wp-page\" data-elementor-id=\"145\" class=\"elementor elementor-145\" data-elementor-post-type=\"page\">\n\t\t\t\t<div class=\"elementor-element elementor-element-66de74dc e-flex e-con-boxed e-con e-parent\" data-id=\"66de74dc\" data-element_type=\"container\">\n\t\t\t\t\t<div class=\"e-con-inner\">\n\t\t\t\t<div class=\"elementor-element elementor-element-7caafabc elementor-widget elementor-widget-text-editor\" data-id=\"7caafabc\" data-element_type=\"widget\" data-widget_type=\"text-editor.default\">\n\t\t\t\t\t\t\t\t\t<h2 class=\"wp-block-heading\"><em>Tietosuojapolitiikka<\/em><\/h2>\n<p>\u00a0<\/p>\n<p><em>OSJ Food Aid on Yhdysvalloissa rekister\u00f6ity 501(c)(3) voittoa tavoittelematon j\u00e4rjest\u00f6, EIN# 33-2992004.\u00a0<\/em><\/p>\n<p><em>Verkkosivustomme osoite on <a href=\"https:\/\/www.osjfoodaid.org\/fi\">https:\/\/www.osjfoodaid.org<\/a><\/em><\/p>\n<p><em><!-- \/wp:paragraph --><!-- wp:heading --><\/em><\/p>\n<p>\u00a0<\/p>\n<p><em>1. Tarkoitus:<\/em><\/p>\n<p><em>T\u00e4ss\u00e4 k\u00e4yt\u00e4nn\u00f6ss\u00e4mme kuvataan k\u00e4yt\u00e4nt\u00f6j\u00e4, joita noudatamme ker\u00e4tess\u00e4mme, k\u00e4ytt\u00e4ess\u00e4mme, tallentaessamme ja suojellessamme k\u00e4ytt\u00e4jien henkil\u00f6tietoja maailmanlaajuisesti noudattaen sovellettavia tietosuojalakeja, kuten GDPR:\u00e4\u00e4, CCPA:ta ja muita asiaankuuluvia s\u00e4\u00e4d\u00f6ksi\u00e4.<\/em><\/p>\n<p>\u00a0<\/p>\n<p><em>2. Tiedonkeruu:<\/em><\/p>\n<p><em>Ker\u00e4\u00e4mme vain tarvittavat henkil\u00f6tiedot, kuten nimen, s\u00e4hk\u00f6postiosoitteen, IP-osoitteen ja k\u00e4ytt\u00f6tiedot, jotta voimme tarjota ja parantaa palveluitamme.<\/em><\/p>\n<p>\u00a0<\/p>\n<p><em>3. Tietojen k\u00e4ytt\u00f6:<\/em><\/p>\n<p><em>Henkil\u00f6tietoja hy\u00f6dynnet\u00e4\u00e4n tilinhallintaan, palvelujen toimittamiseen, asiakastukeen, analytiikkaan ja viestint\u00e4\u00e4n. Emme myy tai jaa henkil\u00f6tietoja kolmansille osapuolille, ellei laki sit\u00e4 vaadi tai ellei k\u00e4ytt\u00e4j\u00e4 ole antanut siihen suostumustaan.<\/em><\/p>\n<p>\u00a0<\/p>\n<p><em>4. Tietojen varastointi ja turvallisuus:<\/em><\/p>\n<p><em>S\u00e4ilyt\u00e4mme henkil\u00f6tiedot turvallisesti k\u00e4ytt\u00e4m\u00e4ll\u00e4 alan standardien mukaista salausta ja p\u00e4\u00e4synvalvontaa. Tietoja s\u00e4ilytet\u00e4\u00e4n vain niin kauan kuin se on tarpeen m\u00e4\u00e4ritettyj\u00e4 tarkoituksia varten.<\/em><\/p>\n<p>\u00a0<\/p>\n<p><em>5. Kansainv\u00e4liset siirrot:<\/em><\/p>\n<p><em>Kun tietoja siirret\u00e4\u00e4n k\u00e4ytt\u00e4j\u00e4n maan ulkopuolelle, toteutamme asianmukaiset suojatoimenpiteet vakiosopimuslausekkeiden tai muiden oikeudellisten suojatoimien avulla.<\/em><\/p>\n<p>\u00a0<\/p>\n<p><em>6. K\u00e4ytt\u00e4j\u00e4n oikeudet:<\/em><\/p>\n<p><em>K\u00e4ytt\u00e4jill\u00e4 on oikeus saada p\u00e4\u00e4sy henkil\u00f6tietoihinsa, oikaista, poistaa tai rajoittaa niiden k\u00e4ytt\u00f6\u00e4 sek\u00e4 vastustaa tietty\u00e4 k\u00e4sittely\u00e4. Pyynn\u00f6t voi tehd\u00e4 yhteydenottolomakkeemme kautta tai s\u00e4hk\u00f6postitse.<\/em><\/p>\n<p>\u00a0<\/p>\n<p><em>7. Ev\u00e4steet ja seuranta:<\/em><\/p>\n<p><em>K\u00e4yt\u00e4mme ev\u00e4steit\u00e4 ja vastaavia tekniikoita verkkosivuston toiminnallisuuteen ja analytiikkaan, jos k\u00e4ytt\u00e4j\u00e4 antaa siihen suostumuksensa.<\/em><\/p>\n<p>\u00a0<\/p>\n<p><em>8. Yhteystiedot:<\/em><\/p>\n<p><em>Jos haluat tiedustella tai k\u00e4ytt\u00e4\u00e4 oikeuksiasi, ota yhteytt\u00e4: info@osjfoodaid.org.<\/em><\/p>\n<p>\u00a0<\/p>\n<p><em>9. P\u00e4ivitykset:<\/em><\/p>\n<p><em>Saatamme p\u00e4ivitt\u00e4\u00e4 t\u00e4t\u00e4 k\u00e4yt\u00e4nt\u00f6\u00e4 ja ilmoitamme k\u00e4ytt\u00e4jille viipym\u00e4tt\u00e4 merkitt\u00e4vist\u00e4 muutoksista.<\/em><\/p>\n<p>\u00a0<\/p>\n<p><!-- \/wp:paragraph --><\/p>\t\t\t\t\t\t\t\t<\/div>\n\t\t\t\t\t<\/div>\n\t\t\t\t<\/div>\n\t\t\t\t<\/div>","protected":false},"excerpt":{"rendered":"<p>Data Protection Policy \u00a0 OSJ Food Aid is a registered 501(c)(3) nonprofit organization in the US, EIN# 33-2992004.\u00a0 Our website address is https:\/\/www.osjfoodaid.org \u00a0 1. Purpose: This policy outlines our practices for collecting, utilizing, storing, and safeguarding personal data belonging to users worldwide, adhering to applicable data protection laws such as GDPR, CCPA, and other&hellip; <a class=\"more-link\" href=\"https:\/\/www.osjfoodaid.org\/fi\/tietosuoja\/\">Jatka lukemista <span class=\"screen-reader-text\">Data Protection<\/span><\/a><\/p>","protected":false},"author":1,"featured_media":0,"parent":0,"menu_order":0,"comment_status":"closed","ping_status":"closed","template":"","meta":{"give_campaign_id":0,"nf_dc_page":"","content-type":"","footnotes":""},"class_list":["post-145","page","type-page","status-publish","hentry","entry"],"campaignId":"","_links":{"self":[{"href":"https:\/\/www.osjfoodaid.org\/fi\/wp-json\/wp\/v2\/pages\/145","targetHints":{"allow":["GET"]}}],"collection":[{"href":"https:\/\/www.osjfoodaid.org\/fi\/wp-json\/wp\/v2\/pages"}],"about":[{"href":"https:\/\/www.osjfoodaid.org\/fi\/wp-json\/wp\/v2\/types\/page"}],"author":[{"embeddable":true,"href":"https:\/\/www.osjfoodaid.org\/fi\/wp-json\/wp\/v2\/users\/1"}],"replies":[{"embeddable":true,"href":"https:\/\/www.osjfoodaid.org\/fi\/wp-json\/wp\/v2\/comments?post=145"}],"version-history":[{"count":23,"href":"https:\/\/www.osjfoodaid.org\/fi\/wp-json\/wp\/v2\/pages\/145\/revisions"}],"predecessor-version":[{"id":1623,"href":"https:\/\/www.osjfoodaid.org\/fi\/wp-json\/wp\/v2\/pages\/145\/revisions\/1623"}],"wp:attachment":[{"href":"https:\/\/www.osjfoodaid.org\/fi\/wp-json\/wp\/v2\/media?parent=145"}],"curies":[{"name":"wp","href":"https:\/\/api.w.org\/{rel}","templated":true}]}}