{"id":156,"date":"2025-02-07T14:25:28","date_gmt":"2025-02-07T19:25:28","guid":{"rendered":"https:\/\/aid.azu.mybluehost.me\/website_408b340e\/?page_id=156"},"modified":"2025-04-16T05:40:33","modified_gmt":"2025-04-16T09:40:33","slug":"acuerdo-de-usuario","status":"publish","type":"page","link":"https:\/\/www.osjfoodaid.org\/es\/acuerdo-de-usuario\/","title":{"rendered":"User Agreement"},"content":{"rendered":"<div data-elementor-type=\"wp-page\" data-elementor-id=\"156\" class=\"elementor elementor-156\" data-elementor-post-type=\"page\">\n\t\t\t\t<div class=\"elementor-element elementor-element-77b32ce6 e-flex e-con-boxed e-con e-parent\" data-id=\"77b32ce6\" data-element_type=\"container\">\n\t\t\t\t\t<div class=\"e-con-inner\">\n\t\t\t\t<div class=\"elementor-element elementor-element-33cae418 elementor-widget elementor-widget-text-editor\" data-id=\"33cae418\" data-element_type=\"widget\" data-widget_type=\"text-editor.default\">\n\t\t\t\t\t\t\t\t\t\n<p><strong>Condiciones de uso<\/strong><\/p>\n<p>\u00a0<\/p>\n<p>OSJ Food Aid USA - Condiciones de uso del sitio web<\/p>\n<p>Fecha de entrada en vigor: 16 de abril de 2025<\/p>\n<p>\u00a0<\/p>\n<p>Al acceder o utilizar el sitio web de OSJ Food Aid USA (<a href=\"https:\/\/www.osjfoodaid.org\/es\">https:\/\/www.osjfoodaid.org<\/a>), usted acepta estas Condiciones de uso. Si no est\u00e1 de acuerdo, no utilice nuestro sitio.<\/p>\n<p>\u00a0<\/p>\n<p>1. Uso del sitio web<\/p>\n<p>- El sitio web y su contenido est\u00e1n destinados a un uso informativo y no comercial relacionado con la misi\u00f3n de OSJ Food Aid USA.<\/p>\n<p>- Debe utilizar el sitio de forma l\u00edcita y no abusar, perturbar o intentar perjudicar al sitio web o a sus usuarios.<\/p>\n<p>\u00a0<\/p>\n<p>2. Privacidad<\/p>\n<p>- Su uso de este sitio web tambi\u00e9n est\u00e1 sujeto a nuestra Pol\u00edtica de privacidad, que explica c\u00f3mo recopilamos y utilizamos su informaci\u00f3n.<\/p>\n<p>\u00a0<\/p>\n<p>3. 3. Propiedad intelectual<\/p>\n<p>- Todo el contenido de este sitio es propiedad de OSJ Food Aid USA o de sus licenciantes y est\u00e1 protegido por la ley.<\/p>\n<p>- No puede copiar, distribuir ni modificar ning\u00fan contenido sin nuestro permiso por escrito.<\/p>\n<p>\u00a0<\/p>\n<p>4. Contribuciones de los usuarios<\/p>\n<p>- Si env\u00eda informaci\u00f3n o materiales (como comentarios o consultas), concede a OSJ Food Aid USA el derecho a utilizarlos, reproducirlos y mostrarlos para nuestros fines.<\/p>\n<p>\u00a0<\/p>\n<p>5. Descargo de responsabilidad<\/p>\n<p>- El sitio web se proporciona \"tal cual\". No garantizamos la exactitud, fiabilidad o disponibilidad del sitio ni de su contenido.<\/p>\n<p>\u00a0<\/p>\n<p>6. Limitaci\u00f3n de responsabilidad<\/p>\n<p>- OSJ Food Aid USA no se hace responsable de ning\u00fan da\u00f1o resultante de su uso o incapacidad para usar el sitio web.<\/p>\n<p>\u00a0<\/p>\n<p>7. Enlaces a otros sitios<\/p>\n<p>- Nuestro sitio web puede contener enlaces a sitios de terceros. No somos responsables de su contenido ni de sus pr\u00e1cticas de privacidad.<\/p>\n<p>\u00a0<\/p>\n<p>8. Cambios en las condiciones<\/p>\n<p>- Podemos actualizar estas Condiciones en cualquier momento. Los cambios entrar\u00e1n en vigor en el momento de su publicaci\u00f3n. El uso continuado del sitio implica la aceptaci\u00f3n de las nuevas condiciones.<\/p>\n<p>\u00a0<\/p>\n<p>9. Contacto<\/p>\n<p>- Si tiene preguntas, p\u00f3ngase en contacto con nosotros en <a href=\"mailto:info@osjfoodaid.org\">info@osjfoodaid.org<\/a>.<\/p>\n<p>\u00a0<\/p>\n<p>Al utilizar este sitio web, usted acepta estas Condiciones de uso. Por favor, rev\u00edselas regularmente para estar al d\u00eda.<\/p>\t\t\t\t\t\t\t\t<\/div>\n\t\t\t\t\t<\/div>\n\t\t\t\t<\/div>\n\t\t\t\t<\/div>","protected":false},"excerpt":{"rendered":"<p>User Agreement Terms \u00a0 OSJ Food Aid USA \u2013 Website Terms of Use Effective Date: April 16, 2025 \u00a0 By accessing or using the OSJ Food Aid USA website (https:\/\/www.osjfoodaid.org), you agree to these Terms of Use. If you do not agree, please do not use our site. \u00a0 1. Use of the Website &#8211;&hellip; <a class=\"more-link\" href=\"https:\/\/www.osjfoodaid.org\/es\/acuerdo-de-usuario\/\">Seguir leyendo <span class=\"screen-reader-text\">User Agreement<\/span><\/a><\/p>","protected":false},"author":1,"featured_media":0,"parent":0,"menu_order":0,"comment_status":"closed","ping_status":"closed","template":"","meta":{"give_campaign_id":0,"nf_dc_page":"","content-type":"","footnotes":""},"class_list":["post-156","page","type-page","status-publish","hentry","entry"],"campaignId":"","_links":{"self":[{"href":"https:\/\/www.osjfoodaid.org\/es\/wp-json\/wp\/v2\/pages\/156","targetHints":{"allow":["GET"]}}],"collection":[{"href":"https:\/\/www.osjfoodaid.org\/es\/wp-json\/wp\/v2\/pages"}],"about":[{"href":"https:\/\/www.osjfoodaid.org\/es\/wp-json\/wp\/v2\/types\/page"}],"author":[{"embeddable":true,"href":"https:\/\/www.osjfoodaid.org\/es\/wp-json\/wp\/v2\/users\/1"}],"replies":[{"embeddable":true,"href":"https:\/\/www.osjfoodaid.org\/es\/wp-json\/wp\/v2\/comments?post=156"}],"version-history":[{"count":7,"href":"https:\/\/www.osjfoodaid.org\/es\/wp-json\/wp\/v2\/pages\/156\/revisions"}],"predecessor-version":[{"id":1630,"href":"https:\/\/www.osjfoodaid.org\/es\/wp-json\/wp\/v2\/pages\/156\/revisions\/1630"}],"wp:attachment":[{"href":"https:\/\/www.osjfoodaid.org\/es\/wp-json\/wp\/v2\/media?parent=156"}],"curies":[{"name":"wp","href":"https:\/\/api.w.org\/{rel}","templated":true}]}}