{"id":151,"date":"2025-02-07T14:21:49","date_gmt":"2025-02-07T19:21:49","guid":{"rendered":"https:\/\/aid.azu.mybluehost.me\/website_408b340e\/?page_id=151"},"modified":"2025-04-16T05:56:20","modified_gmt":"2025-04-16T09:56:20","slug":"gestion-de-cookies","status":"publish","type":"page","link":"https:\/\/www.osjfoodaid.org\/es\/gestion-de-cookies\/","title":{"rendered":"Gesti\u00f3n de cookies"},"content":{"rendered":"<div data-elementor-type=\"wp-page\" data-elementor-id=\"151\" class=\"elementor elementor-151\" data-elementor-post-type=\"page\">\n\t\t\t\t<div class=\"elementor-element elementor-element-38e0436f e-flex e-con-boxed e-con e-parent\" data-id=\"38e0436f\" data-element_type=\"container\">\n\t\t\t\t\t<div class=\"e-con-inner\">\n\t\t\t\t<div class=\"elementor-element elementor-element-2594250 elementor-widget elementor-widget-text-editor\" data-id=\"2594250\" data-element_type=\"widget\" data-widget_type=\"text-editor.default\">\n\t\t\t\t\t\t\t\t\t\n<p>\u00a0<\/p>\n<p><strong>\u00a0Pol\u00edtica de gesti\u00f3n de cookies de OSJ Food Aid USA<\/strong><\/p>\n<p>\u00a0<\/p>\n<p>OSJ Food Aid USA (\"nosotros\", \"nos\", o \"nuestro\") se compromete a proteger su privacidad y garantizar la transparencia sobre c\u00f3mo utilizamos las cookies y tecnolog\u00edas similares en nuestro sitio web, [<a href=\"https:\/\/www.osjfoodaid.org\/es\">www.osjfoodaid.org<\/a>]<\/p>\n<p>\u00a0<\/p>\n<p>Esta pol\u00edtica explica qu\u00e9 son las cookies, c\u00f3mo las utilizamos, sus opciones y c\u00f3mo puede gestionar sus preferencias de cookies.<\/p>\n<p>\u00a0<\/p>\n<p><strong>\u00bfQu\u00e9 son las cookies?<\/strong><\/p>\n<p>Las cookies son peque\u00f1os archivos de texto que se almacenan en su dispositivo cuando visita un sitio web. Nos ayudan a recordar sus preferencias, mejorar el rendimiento del sitio y ofrecerle una experiencia personalizada. Algunas cookies son esenciales para el funcionamiento del sitio web, mientras que otras nos ayudan a analizar el uso o a ofrecer contenidos espec\u00edficos.<\/p>\n<p>\u00a0<\/p>\n<p><strong>Tipos de cookies que utilizamos<\/strong><\/p>\n<p>- Cookies estrictamente necesarias: Esenciales para el funcionamiento del sitio web y no se pueden desactivar.<\/p>\n<p>- Cookies de rendimiento\/anal\u00edticas: Nos ayudan a comprender c\u00f3mo interact\u00faan los visitantes con nuestro sitio web para mejorar la experiencia del usuario.<\/p>\n<p>- Cookies funcionales: Recuerdan las elecciones que haces para mejorar tu experiencia.<\/p>\n<p>- Cookies de marketing: Rastrean los h\u00e1bitos de navegaci\u00f3n para ofrecer contenidos y publicidad relevantes.<\/p>\n<p>\u00a0<\/p>\n<p><strong>C\u00f3mo utilizamos las cookies<\/strong><\/p>\n<p>Utilizamos cookies para:<\/p>\n<p>- Garantizar la funcionalidad y seguridad del sitio web.<\/p>\n<p>- Analizar el tr\u00e1fico y las pautas de uso del sitio web.<\/p>\n<p>- Recuerda tus preferencias y ajustes.<\/p>\n<p>- Proporcionar contenidos y marketing personalizados cuando proceda.<\/p>\n<p>\u00a0<\/p>\n<p><strong>Consentimiento y opciones<\/strong><\/p>\n<p>- Al visitar nuestro sitio web, se le presentar\u00e1 un banner de cookies solicitando su consentimiento para cookies no esenciales.<\/p>\n<p>- Puede aceptar o rechazar diferentes categor\u00edas de cookies, excepto las estrictamente necesarias para el funcionamiento del sitio web.<\/p>\n<p>- Puede retirar o modificar su consentimiento en cualquier momento ajustando la configuraci\u00f3n de su navegador o utilizando nuestra herramienta de gesti\u00f3n de cookies.<\/p>\n<p>- A los usuarios de determinadas jurisdicciones (p. ej., UE, California) se les pueden aplicar derechos adicionales, incluido el derecho a excluirse de la venta o el rastreo de datos.<\/p>\n<p>\u00a0<\/p>\n<p><strong>Gesti\u00f3n de cookies<\/strong><\/p>\n<p>Puede gestionar o desactivar las cookies a trav\u00e9s de la configuraci\u00f3n de su navegador. Para m\u00e1s informaci\u00f3n sobre c\u00f3mo controlar las cookies, consulte nuestra [Pol\u00edtica de cookies](<a href=\"https:\/\/www.osjfoodaid.org\/es\/cookie-policy\/\">https:\/\/www.osjfoodaid.org\/cookie-policy<\/a>) o p\u00f3ngase en contacto con nosotros en [<a href=\"mailto:info@osjfoodaid.org\">info@osjfoodaid.org<\/a>]<\/p>\n<p>\u00a0<\/p>\n<p><strong>Cookies de terceros<\/strong><\/p>\n<p>Algunas cookies pueden ser instaladas por terceros proveedores para ofrecer servicios o publicidad. Somos transparentes sobre estos proveedores y sus prop\u00f3sitos en nuestra Pol\u00edtica de Cookies.<\/p>\n<p>\u00a0<\/p>\n<p><strong>Actualizaciones pol\u00edticas<\/strong><\/p>\n<p>Revisamos y actualizamos peri\u00f3dicamente nuestras pr\u00e1cticas en materia de cookies para cumplir con la legislaci\u00f3n y las mejores pr\u00e1cticas mundiales en materia de privacidad. Los cambios se publicar\u00e1n en esta p\u00e1gina.<\/p>\n<p>\u00a0<\/p>\n<p><strong>Contacte con nosotros<\/strong><\/p>\n<p>Si tiene preguntas o dudas sobre nuestras pr\u00e1cticas en materia de cookies, env\u00edenos un correo electr\u00f3nico a [<a href=\"mailto:info@osjfoodaid.org\">info@osjfoodaid.org<\/a>]<\/p>\t\t\t\t\t\t\t\t<\/div>\n\t\t\t\t\t<\/div>\n\t\t\t\t<\/div>\n\t\t\t\t<\/div>","protected":false},"excerpt":{"rendered":"<p>\u00a0 \u00a0OSJ Food Aid USA Cookie Management Policy \u00a0 OSJ Food Aid USA (\u201cwe\u201d, \u201cus\u201d, or \u201cour\u201d) is committed to protecting your privacy and ensuring transparency about how we use cookies and similar technologies on our website, [www.osjfoodaid.org] \u00a0 This policy explains what cookies are, how we use them, your choices, and how you can&hellip; <a class=\"more-link\" href=\"https:\/\/www.osjfoodaid.org\/es\/gestion-de-cookies\/\">Seguir leyendo <span class=\"screen-reader-text\">Gesti\u00f3n de cookies<\/span><\/a><\/p>","protected":false},"author":1,"featured_media":0,"parent":0,"menu_order":0,"comment_status":"closed","ping_status":"closed","template":"","meta":{"give_campaign_id":0,"nf_dc_page":"","content-type":"","footnotes":""},"class_list":["post-151","page","type-page","status-publish","hentry","entry"],"campaignId":"","_links":{"self":[{"href":"https:\/\/www.osjfoodaid.org\/es\/wp-json\/wp\/v2\/pages\/151","targetHints":{"allow":["GET"]}}],"collection":[{"href":"https:\/\/www.osjfoodaid.org\/es\/wp-json\/wp\/v2\/pages"}],"about":[{"href":"https:\/\/www.osjfoodaid.org\/es\/wp-json\/wp\/v2\/types\/page"}],"author":[{"embeddable":true,"href":"https:\/\/www.osjfoodaid.org\/es\/wp-json\/wp\/v2\/users\/1"}],"replies":[{"embeddable":true,"href":"https:\/\/www.osjfoodaid.org\/es\/wp-json\/wp\/v2\/comments?post=151"}],"version-history":[{"count":9,"href":"https:\/\/www.osjfoodaid.org\/es\/wp-json\/wp\/v2\/pages\/151\/revisions"}],"predecessor-version":[{"id":1636,"href":"https:\/\/www.osjfoodaid.org\/es\/wp-json\/wp\/v2\/pages\/151\/revisions\/1636"}],"wp:attachment":[{"href":"https:\/\/www.osjfoodaid.org\/es\/wp-json\/wp\/v2\/media?parent=151"}],"curies":[{"name":"wp","href":"https:\/\/api.w.org\/{rel}","templated":true}]}}