{"id":145,"date":"2025-02-07T14:16:30","date_gmt":"2025-02-07T19:16:30","guid":{"rendered":"https:\/\/aid.azu.mybluehost.me\/website_408b340e\/?page_id=145"},"modified":"2025-04-16T05:29:42","modified_gmt":"2025-04-16T09:29:42","slug":"proteccion-de-datos","status":"publish","type":"page","link":"https:\/\/www.osjfoodaid.org\/es\/proteccion-de-datos\/","title":{"rendered":"Data Protection"},"content":{"rendered":"<div data-elementor-type=\"wp-page\" data-elementor-id=\"145\" class=\"elementor elementor-145\" data-elementor-post-type=\"page\">\n\t\t\t\t<div class=\"elementor-element elementor-element-66de74dc e-flex e-con-boxed e-con e-parent\" data-id=\"66de74dc\" data-element_type=\"container\">\n\t\t\t\t\t<div class=\"e-con-inner\">\n\t\t\t\t<div class=\"elementor-element elementor-element-7caafabc elementor-widget elementor-widget-text-editor\" data-id=\"7caafabc\" data-element_type=\"widget\" data-widget_type=\"text-editor.default\">\n\t\t\t\t\t\t\t\t\t<h2 class=\"wp-block-heading\"><em>Pol\u00edtica de protecci\u00f3n de datos<\/em><\/h2>\n<p>\u00a0<\/p>\n<p><em>OSJ Food Aid es una organizaci\u00f3n sin \u00e1nimo de lucro 501(c)(3) registrada en EE.UU., EIN# 33-2992004.\u00a0<\/em><\/p>\n<p><em>La direcci\u00f3n de nuestro sitio web es <a href=\"https:\/\/www.osjfoodaid.org\/es\">https:\/\/www.osjfoodaid.org<\/a><\/em><\/p>\n<p><em><!-- \/wp:paragraph --><!-- wp:heading --><\/em><\/p>\n<p>\u00a0<\/p>\n<p><em>1. Objeto:<\/em><\/p>\n<p><em>Esta pol\u00edtica describe nuestras pr\u00e1cticas para recopilar, utilizar, almacenar y salvaguardar los datos personales pertenecientes a usuarios de todo el mundo, respetando las leyes de protecci\u00f3n de datos aplicables, como el GDPR, la CCPA y otras normativas pertinentes.<\/em><\/p>\n<p>\u00a0<\/p>\n<p><em>2. Recogida de datos:<\/em><\/p>\n<p><em>S\u00f3lo recogemos los datos personales necesarios, como nombre, direcci\u00f3n de correo electr\u00f3nico, direcci\u00f3n IP y datos de uso, para prestar y mejorar nuestros servicios.<\/em><\/p>\n<p>\u00a0<\/p>\n<p><em>3. Utilizaci\u00f3n de los datos:<\/em><\/p>\n<p><em>Los datos personales se utilizan para la gesti\u00f3n de cuentas, prestaci\u00f3n de servicios, atenci\u00f3n al cliente, an\u00e1lisis y comunicaci\u00f3n. No vendemos ni compartimos datos personales con terceros a menos que lo exija la ley o con el consentimiento del usuario.<\/em><\/p>\n<p>\u00a0<\/p>\n<p><em>4. Almacenamiento de datos y seguridad:<\/em><\/p>\n<p><em>Almacenamos los datos personales de forma segura mediante controles de acceso y cifrado est\u00e1ndar del sector. La conservaci\u00f3n de los datos se limita al tiempo necesario para los fines especificados.<\/em><\/p>\n<p>\u00a0<\/p>\n<p><em>5. Transferencias internacionales:<\/em><\/p>\n<p><em>Cuando los datos se transfieren fuera del pa\u00eds del usuario, aplicamos medidas de protecci\u00f3n adecuadas mediante cl\u00e1usulas contractuales est\u00e1ndar u otras garant\u00edas legales.<\/em><\/p>\n<p>\u00a0<\/p>\n<p><em>6. Derechos de los usuarios:<\/em><\/p>\n<p><em>Los usuarios tienen derecho a acceder, rectificar, suprimir o restringir sus datos personales, as\u00ed como a oponerse a determinados tratamientos. Las solicitudes pueden realizarse a trav\u00e9s de nuestro formulario de contacto o por correo electr\u00f3nico.<\/em><\/p>\n<p>\u00a0<\/p>\n<p><em>7. Cookies y seguimiento:<\/em><\/p>\n<p><em>Utilizamos cookies y tecnolog\u00edas similares para la funcionalidad y el an\u00e1lisis del sitio web, previo consentimiento del usuario cuando sea necesario.<\/em><\/p>\n<p>\u00a0<\/p>\n<p><em>8. Contacto:<\/em><\/p>\n<p><em>Para realizar consultas o ejercer sus derechos, dir\u00edjase a: info@osjfoodaid.org.<\/em><\/p>\n<p>\u00a0<\/p>\n<p><em>9. Actualizaciones:<\/em><\/p>\n<p><em>Es posible que actualicemos esta pol\u00edtica y notificaremos puntualmente a los usuarios los cambios significativos.<\/em><\/p>\n<p>\u00a0<\/p>\n<p><!-- \/wp:paragraph --><\/p>\t\t\t\t\t\t\t\t<\/div>\n\t\t\t\t\t<\/div>\n\t\t\t\t<\/div>\n\t\t\t\t<\/div>","protected":false},"excerpt":{"rendered":"<p>Data Protection Policy \u00a0 OSJ Food Aid is a registered 501(c)(3) nonprofit organization in the US, EIN# 33-2992004.\u00a0 Our website address is https:\/\/www.osjfoodaid.org \u00a0 1. Purpose: This policy outlines our practices for collecting, utilizing, storing, and safeguarding personal data belonging to users worldwide, adhering to applicable data protection laws such as GDPR, CCPA, and other&hellip; <a class=\"more-link\" href=\"https:\/\/www.osjfoodaid.org\/es\/proteccion-de-datos\/\">Seguir leyendo <span class=\"screen-reader-text\">Data Protection<\/span><\/a><\/p>","protected":false},"author":1,"featured_media":0,"parent":0,"menu_order":0,"comment_status":"closed","ping_status":"closed","template":"","meta":{"give_campaign_id":0,"nf_dc_page":"","content-type":"","footnotes":""},"class_list":["post-145","page","type-page","status-publish","hentry","entry"],"campaignId":"","_links":{"self":[{"href":"https:\/\/www.osjfoodaid.org\/es\/wp-json\/wp\/v2\/pages\/145","targetHints":{"allow":["GET"]}}],"collection":[{"href":"https:\/\/www.osjfoodaid.org\/es\/wp-json\/wp\/v2\/pages"}],"about":[{"href":"https:\/\/www.osjfoodaid.org\/es\/wp-json\/wp\/v2\/types\/page"}],"author":[{"embeddable":true,"href":"https:\/\/www.osjfoodaid.org\/es\/wp-json\/wp\/v2\/users\/1"}],"replies":[{"embeddable":true,"href":"https:\/\/www.osjfoodaid.org\/es\/wp-json\/wp\/v2\/comments?post=145"}],"version-history":[{"count":23,"href":"https:\/\/www.osjfoodaid.org\/es\/wp-json\/wp\/v2\/pages\/145\/revisions"}],"predecessor-version":[{"id":1623,"href":"https:\/\/www.osjfoodaid.org\/es\/wp-json\/wp\/v2\/pages\/145\/revisions\/1623"}],"wp:attachment":[{"href":"https:\/\/www.osjfoodaid.org\/es\/wp-json\/wp\/v2\/media?parent=145"}],"curies":[{"name":"wp","href":"https:\/\/api.w.org\/{rel}","templated":true}]}}