{"id":156,"date":"2025-02-07T14:25:28","date_gmt":"2025-02-07T19:25:28","guid":{"rendered":"https:\/\/aid.azu.mybluehost.me\/website_408b340e\/?page_id=156"},"modified":"2025-04-16T05:40:33","modified_gmt":"2025-04-16T09:40:33","slug":"nutzungsvereinbarung","status":"publish","type":"page","link":"https:\/\/www.osjfoodaid.org\/de\/nutzungsvereinbarung\/","title":{"rendered":"User Agreement"},"content":{"rendered":"<div data-elementor-type=\"wp-page\" data-elementor-id=\"156\" class=\"elementor elementor-156\" data-elementor-post-type=\"page\">\n\t\t\t\t<div class=\"elementor-element elementor-element-77b32ce6 e-flex e-con-boxed e-con e-parent\" data-id=\"77b32ce6\" data-element_type=\"container\">\n\t\t\t\t\t<div class=\"e-con-inner\">\n\t\t\t\t<div class=\"elementor-element elementor-element-33cae418 elementor-widget elementor-widget-text-editor\" data-id=\"33cae418\" data-element_type=\"widget\" data-widget_type=\"text-editor.default\">\n\t\t\t\t\t\t\t\t\t\n<p><strong>Bedingungen der Nutzungsvereinbarung<\/strong><\/p>\n<p>\u00a0<\/p>\n<p>OSJ Food Aid USA - Nutzungsbedingungen f\u00fcr die Website<\/p>\n<p>Datum des Inkrafttretens: April 16, 2025<\/p>\n<p>\u00a0<\/p>\n<p>Durch den Zugriff auf die Website des OSJ Food Aid USA (<a href=\"https:\/\/www.osjfoodaid.org\/de\">https:\/\/www.osjfoodaid.org<\/a>), erkl\u00e4ren Sie sich mit diesen Nutzungsbedingungen einverstanden. Wenn Sie nicht einverstanden sind, nutzen Sie unsere Website bitte nicht.<\/p>\n<p>\u00a0<\/p>\n<p>1. Nutzung der Website<\/p>\n<p>- Die Website und ihr Inhalt sind zu Informationszwecken und f\u00fcr nicht-kommerzielle Zwecke im Zusammenhang mit der Mission von OSJ Food Aid USA bestimmt.<\/p>\n<p>- Sie m\u00fcssen die Website rechtm\u00e4\u00dfig nutzen und d\u00fcrfen sie nicht missbrauchen, st\u00f6ren oder versuchen, die Website oder ihre Nutzer zu sch\u00e4digen.<\/p>\n<p>\u00a0<\/p>\n<p>2. Datenschutz<\/p>\n<p>- Die Nutzung dieser Website unterliegt auch unserer Datenschutzrichtlinie, in der erl\u00e4utert wird, wie wir Ihre Daten erfassen und verwenden.<\/p>\n<p>\u00a0<\/p>\n<p>3. Geistiges Eigentum<\/p>\n<p>- Der gesamte Inhalt dieser Website ist Eigentum der OSJ Food Aid USA oder ihrer Lizenzgeber und ist gesetzlich gesch\u00fctzt.<\/p>\n<p>- Sie d\u00fcrfen keine Inhalte ohne unsere schriftliche Genehmigung kopieren, verbreiten oder ver\u00e4ndern.<\/p>\n<p>\u00a0<\/p>\n<p>4. Beitr\u00e4ge der Nutzer<\/p>\n<p>- Wenn Sie Informationen oder Materialien \u00fcbermitteln (z. B. Feedback oder Anfragen), gew\u00e4hren Sie OSJ Food Aid USA das Recht, diese f\u00fcr unsere Zwecke zu nutzen, zu reproduzieren und darzustellen.<\/p>\n<p>\u00a0<\/p>\n<p>5. Haftungsausschluss<\/p>\n<p>- Die Website wird ohne M\u00e4ngelgew\u00e4hr bereitgestellt. Wir \u00fcbernehmen keine Garantie f\u00fcr die Richtigkeit, Zuverl\u00e4ssigkeit oder Verf\u00fcgbarkeit der Website oder ihres Inhalts.<\/p>\n<p>\u00a0<\/p>\n<p>6. Begrenzung der Haftung<\/p>\n<p>- OSJ Food Aid USA haftet nicht f\u00fcr Sch\u00e4den, die sich aus der Nutzung oder Unm\u00f6glichkeit der Nutzung der Website ergeben.<\/p>\n<p>\u00a0<\/p>\n<p>7. Links zu anderen Seiten<\/p>\n<p>- Unsere Website kann Links zu Websites Dritter enthalten. Wir sind nicht verantwortlich f\u00fcr deren Inhalt oder Datenschutzpraktiken.<\/p>\n<p>\u00a0<\/p>\n<p>8. \u00c4nderungen der Bedingungen<\/p>\n<p>- Wir k\u00f6nnen diese Bedingungen jederzeit aktualisieren. Die \u00c4nderungen treten mit ihrer Ver\u00f6ffentlichung in Kraft. Die fortgesetzte Nutzung der Website bedeutet, dass Sie die neuen Bedingungen akzeptieren.<\/p>\n<p>\u00a0<\/p>\n<p>9. Kontakt<\/p>\n<p>- Bei Fragen kontaktieren Sie uns unter <a href=\"mailto:info@osjfoodaid.org\">info@osjfoodaid.org<\/a>.<\/p>\n<p>\u00a0<\/p>\n<p>Durch die Nutzung dieser Website erkl\u00e4ren Sie sich mit diesen Nutzungsbedingungen einverstanden. Bitte \u00fcberpr\u00fcfen Sie diese regelm\u00e4\u00dfig auf Aktualisierungen.<\/p>\t\t\t\t\t\t\t\t<\/div>\n\t\t\t\t\t<\/div>\n\t\t\t\t<\/div>\n\t\t\t\t<\/div>","protected":false},"excerpt":{"rendered":"<p>User Agreement Terms \u00a0 OSJ Food Aid USA \u2013 Website Terms of Use Effective Date: April 16, 2025 \u00a0 By accessing or using the OSJ Food Aid USA website (https:\/\/www.osjfoodaid.org), you agree to these Terms of Use. If you do not agree, please do not use our site. \u00a0 1. Use of the Website &#8211;&hellip; <a class=\"more-link\" href=\"https:\/\/www.osjfoodaid.org\/de\/nutzungsvereinbarung\/\"><span class=\"screen-reader-text\">User Agreement<\/span> weiterlesen<\/a><\/p>","protected":false},"author":1,"featured_media":0,"parent":0,"menu_order":0,"comment_status":"closed","ping_status":"closed","template":"","meta":{"give_campaign_id":0,"nf_dc_page":"","content-type":"","footnotes":""},"class_list":["post-156","page","type-page","status-publish","hentry","entry"],"campaignId":"","_links":{"self":[{"href":"https:\/\/www.osjfoodaid.org\/de\/wp-json\/wp\/v2\/pages\/156","targetHints":{"allow":["GET"]}}],"collection":[{"href":"https:\/\/www.osjfoodaid.org\/de\/wp-json\/wp\/v2\/pages"}],"about":[{"href":"https:\/\/www.osjfoodaid.org\/de\/wp-json\/wp\/v2\/types\/page"}],"author":[{"embeddable":true,"href":"https:\/\/www.osjfoodaid.org\/de\/wp-json\/wp\/v2\/users\/1"}],"replies":[{"embeddable":true,"href":"https:\/\/www.osjfoodaid.org\/de\/wp-json\/wp\/v2\/comments?post=156"}],"version-history":[{"count":7,"href":"https:\/\/www.osjfoodaid.org\/de\/wp-json\/wp\/v2\/pages\/156\/revisions"}],"predecessor-version":[{"id":1630,"href":"https:\/\/www.osjfoodaid.org\/de\/wp-json\/wp\/v2\/pages\/156\/revisions\/1630"}],"wp:attachment":[{"href":"https:\/\/www.osjfoodaid.org\/de\/wp-json\/wp\/v2\/media?parent=156"}],"curies":[{"name":"wp","href":"https:\/\/api.w.org\/{rel}","templated":true}]}}