{"id":151,"date":"2025-02-07T14:21:49","date_gmt":"2025-02-07T19:21:49","guid":{"rendered":"https:\/\/aid.azu.mybluehost.me\/website_408b340e\/?page_id=151"},"modified":"2025-04-16T05:56:20","modified_gmt":"2025-04-16T09:56:20","slug":"cookie-verwaltung","status":"publish","type":"page","link":"https:\/\/www.osjfoodaid.org\/de\/cookie-verwaltung\/","title":{"rendered":"Cookie-Verwaltung"},"content":{"rendered":"<div data-elementor-type=\"wp-page\" data-elementor-id=\"151\" class=\"elementor elementor-151\" data-elementor-post-type=\"page\">\n\t\t\t\t<div class=\"elementor-element elementor-element-38e0436f e-flex e-con-boxed e-con e-parent\" data-id=\"38e0436f\" data-element_type=\"container\">\n\t\t\t\t\t<div class=\"e-con-inner\">\n\t\t\t\t<div class=\"elementor-element elementor-element-2594250 elementor-widget elementor-widget-text-editor\" data-id=\"2594250\" data-element_type=\"widget\" data-widget_type=\"text-editor.default\">\n\t\t\t\t\t\t\t\t\t\n<p>\u00a0<\/p>\n<p><strong>\u00a0OSJ Food Aid USA Cookie-Management-Richtlinie<\/strong><\/p>\n<p>\u00a0<\/p>\n<p>OSJ Food Aid USA (\"wir\", \"uns\" oder \"unser\") verpflichtet sich, Ihre Privatsph\u00e4re zu sch\u00fctzen und Transparenz dar\u00fcber zu gew\u00e4hrleisten, wie wir Cookies und \u00e4hnliche Technologien auf unserer Website verwenden, [<a href=\"https:\/\/www.osjfoodaid.org\/de\">www.osjfoodaid.org<\/a>]<\/p>\n<p>\u00a0<\/p>\n<p>Diese Richtlinie erkl\u00e4rt, was Cookies sind, wie wir sie verwenden, welche M\u00f6glichkeiten Sie haben und wie Sie Ihre Cookie-Einstellungen verwalten k\u00f6nnen.<\/p>\n<p>\u00a0<\/p>\n<p><strong>Was sind Cookies?<\/strong><\/p>\n<p>Cookies sind kleine Textdateien, die auf Ihrem Ger\u00e4t gespeichert werden, wenn Sie eine Website besuchen. Sie helfen uns, Ihre Pr\u00e4ferenzen zu speichern, die Leistung der Website zu verbessern und Ihnen ein personalisiertes Erlebnis zu bieten. Einige Cookies sind f\u00fcr das Funktionieren der Website unerl\u00e4sslich, w\u00e4hrend andere uns helfen, die Nutzung zu analysieren oder gezielte Inhalte zu liefern.<\/p>\n<p>\u00a0<\/p>\n<p><strong>Arten von Cookies, die wir verwenden<\/strong><\/p>\n<p>- Streng Notwendige Cookies: Sie sind f\u00fcr den Betrieb der Website unerl\u00e4sslich und k\u00f6nnen nicht abgeschaltet werden.<\/p>\n<p>- Leistungs-\/Analyse-Cookies: Helfen uns zu verstehen, wie Besucher mit unserer Website interagieren, um die Benutzerfreundlichkeit zu verbessern.<\/p>\n<p>- Funktionale Cookies: Sie speichern die von Ihnen getroffenen Entscheidungen, um Ihr Erlebnis zu verbessern.<\/p>\n<p>- Marketing-Cookies: Verfolgen die Surfgewohnheiten, um relevante Inhalte und Werbung zu liefern.<\/p>\n<p>\u00a0<\/p>\n<p><strong>Wie wir Cookies verwenden<\/strong><\/p>\n<p>Wir verwenden Cookies um:<\/p>\n<p>- Gew\u00e4hrleistung der Funktionalit\u00e4t und Sicherheit der Website.<\/p>\n<p>- Analysieren Sie den Website-Verkehr und die Nutzungsmuster.<\/p>\n<p>- Merken Sie sich Ihre Pr\u00e4ferenzen und Einstellungen.<\/p>\n<p>- Stellen Sie gegebenenfalls personalisierte Inhalte und Marketing bereit.<\/p>\n<p>\u00a0<\/p>\n<p><strong>Ihr Einverst\u00e4ndnis und Ihre Wahlm\u00f6glichkeiten<\/strong><\/p>\n<p>- Wenn Sie unsere Website besuchen, wird ein Cookie-Banner eingeblendet, in dem Sie um Ihre Zustimmung zu nicht wesentlichen Cookies gebeten werden.<\/p>\n<p>- Sie k\u00f6nnen verschiedene Kategorien von Cookies akzeptieren oder ablehnen, mit Ausnahme derjenigen, die f\u00fcr das Funktionieren der Website unbedingt erforderlich sind.<\/p>\n<p>- Sie k\u00f6nnen Ihre Zustimmung jederzeit widerrufen oder \u00e4ndern, indem Sie Ihre Browsereinstellungen anpassen oder unser Cookie-Verwaltungstool verwenden.<\/p>\n<p>- F\u00fcr Nutzer in bestimmten Rechtsordnungen (z. B. EU, Kalifornien) k\u00f6nnen zus\u00e4tzliche Rechte gelten, einschlie\u00dflich des Rechts, dem Datenverkauf oder der Nachverfolgung zu widersprechen.<\/p>\n<p>\u00a0<\/p>\n<p><strong>Verwaltung von Cookies<\/strong><\/p>\n<p>Sie k\u00f6nnen Cookies \u00fcber Ihre Browsereinstellungen verwalten oder deaktivieren. Weitere Informationen dar\u00fcber, wie Sie Cookies kontrollieren k\u00f6nnen, finden Sie in unserer [Cookie-Richtlinie](<a href=\"https:\/\/www.osjfoodaid.org\/de\/cookie-policy\/\">https:\/\/www.osjfoodaid.org\/cookie-policy<\/a>) oder kontaktieren Sie uns unter [<a href=\"mailto:info@osjfoodaid.org\">info@osjfoodaid.org<\/a>]<\/p>\n<p>\u00a0<\/p>\n<p><strong>Cookies von Drittanbietern<\/strong><\/p>\n<p>Einige Cookies k\u00f6nnen von Drittanbietern gesetzt werden, um Dienste oder Werbung bereitzustellen. In unserer Cookie-Richtlinie sind wir \u00fcber diese Anbieter und ihre Zwecke transparent.<\/p>\n<p>\u00a0<\/p>\n<p><strong>Politische Aktualisierungen<\/strong><\/p>\n<p>Wir \u00fcberpr\u00fcfen und aktualisieren unsere Cookie-Praktiken regelm\u00e4\u00dfig, um den weltweiten Datenschutzgesetzen und bew\u00e4hrten Verfahren zu entsprechen. \u00c4nderungen werden auf dieser Seite ver\u00f6ffentlicht.<\/p>\n<p>\u00a0<\/p>\n<p><strong>Kontakt<\/strong><\/p>\n<p>Wenn Sie Fragen oder Bedenken bez\u00fcglich unserer Cookie-Praktiken haben, senden Sie uns bitte eine E-Mail an [<a href=\"mailto:info@osjfoodaid.org\">info@osjfoodaid.org<\/a>]<\/p>\t\t\t\t\t\t\t\t<\/div>\n\t\t\t\t\t<\/div>\n\t\t\t\t<\/div>\n\t\t\t\t<\/div>","protected":false},"excerpt":{"rendered":"<p>\u00a0 \u00a0OSJ Food Aid USA Cookie Management Policy \u00a0 OSJ Food Aid USA (\u201cwe\u201d, \u201cus\u201d, or \u201cour\u201d) is committed to protecting your privacy and ensuring transparency about how we use cookies and similar technologies on our website, [www.osjfoodaid.org] \u00a0 This policy explains what cookies are, how we use them, your choices, and how you can&hellip; <a class=\"more-link\" href=\"https:\/\/www.osjfoodaid.org\/de\/cookie-verwaltung\/\"><span class=\"screen-reader-text\">Cookie-Verwaltung<\/span> weiterlesen<\/a><\/p>","protected":false},"author":1,"featured_media":0,"parent":0,"menu_order":0,"comment_status":"closed","ping_status":"closed","template":"","meta":{"give_campaign_id":0,"nf_dc_page":"","content-type":"","footnotes":""},"class_list":["post-151","page","type-page","status-publish","hentry","entry"],"campaignId":"","_links":{"self":[{"href":"https:\/\/www.osjfoodaid.org\/de\/wp-json\/wp\/v2\/pages\/151","targetHints":{"allow":["GET"]}}],"collection":[{"href":"https:\/\/www.osjfoodaid.org\/de\/wp-json\/wp\/v2\/pages"}],"about":[{"href":"https:\/\/www.osjfoodaid.org\/de\/wp-json\/wp\/v2\/types\/page"}],"author":[{"embeddable":true,"href":"https:\/\/www.osjfoodaid.org\/de\/wp-json\/wp\/v2\/users\/1"}],"replies":[{"embeddable":true,"href":"https:\/\/www.osjfoodaid.org\/de\/wp-json\/wp\/v2\/comments?post=151"}],"version-history":[{"count":9,"href":"https:\/\/www.osjfoodaid.org\/de\/wp-json\/wp\/v2\/pages\/151\/revisions"}],"predecessor-version":[{"id":1636,"href":"https:\/\/www.osjfoodaid.org\/de\/wp-json\/wp\/v2\/pages\/151\/revisions\/1636"}],"wp:attachment":[{"href":"https:\/\/www.osjfoodaid.org\/de\/wp-json\/wp\/v2\/media?parent=151"}],"curies":[{"name":"wp","href":"https:\/\/api.w.org\/{rel}","templated":true}]}}