{"id":145,"date":"2025-02-07T14:16:30","date_gmt":"2025-02-07T19:16:30","guid":{"rendered":"https:\/\/aid.azu.mybluehost.me\/website_408b340e\/?page_id=145"},"modified":"2025-04-16T05:29:42","modified_gmt":"2025-04-16T09:29:42","slug":"datenschutz","status":"publish","type":"page","link":"https:\/\/www.osjfoodaid.org\/de\/datenschutz\/","title":{"rendered":"Data Protection"},"content":{"rendered":"<div data-elementor-type=\"wp-page\" data-elementor-id=\"145\" class=\"elementor elementor-145\" data-elementor-post-type=\"page\">\n\t\t\t\t<div class=\"elementor-element elementor-element-66de74dc e-flex e-con-boxed e-con e-parent\" data-id=\"66de74dc\" data-element_type=\"container\">\n\t\t\t\t\t<div class=\"e-con-inner\">\n\t\t\t\t<div class=\"elementor-element elementor-element-7caafabc elementor-widget elementor-widget-text-editor\" data-id=\"7caafabc\" data-element_type=\"widget\" data-widget_type=\"text-editor.default\">\n\t\t\t\t\t\t\t\t\t<h2 class=\"wp-block-heading\"><em>Datenschutzpolitik<\/em><\/h2>\n<p>\u00a0<\/p>\n<p><em>OSJ Food Aid ist eine eingetragene 501(c)(3) gemeinn\u00fctzige Organisation in den USA, EIN# 33-2992004.\u00a0<\/em><\/p>\n<p><em>Unsere Website-Adresse lautet <a href=\"https:\/\/www.osjfoodaid.org\/de\">https:\/\/www.osjfoodaid.org<\/a><\/em><\/p>\n<p><em><!-- \/wp:paragraph --><!-- wp:heading --><\/em><\/p>\n<p>\u00a0<\/p>\n<p><em>1. Zweck:<\/em><\/p>\n<p><em>Diese Richtlinie beschreibt unsere Praktiken zur Erfassung, Nutzung, Speicherung und zum Schutz personenbezogener Daten von Nutzern auf der ganzen Welt und h\u00e4lt sich dabei an geltende Datenschutzgesetze wie GDPR, CCPA und andere relevante Vorschriften.<\/em><\/p>\n<p>\u00a0<\/p>\n<p><em>2. Datenerhebung:<\/em><\/p>\n<p><em>Wir erheben nur die notwendigen personenbezogenen Daten, einschlie\u00dflich Name, E-Mail-Adresse, IP-Adresse und Nutzungsdaten, um unsere Dienste bereitzustellen und zu verbessern.<\/em><\/p>\n<p>\u00a0<\/p>\n<p><em>3. Verwendung der Daten:<\/em><\/p>\n<p><em>Personenbezogene Daten werden f\u00fcr die Kontoverwaltung, die Bereitstellung von Dienstleistungen, den Kundensupport, Analysen und die Kommunikation verwendet. Wir verkaufen keine personenbezogenen Daten und geben sie nicht an Dritte weiter, es sei denn, wir sind gesetzlich dazu verpflichtet oder haben die Zustimmung des Nutzers.<\/em><\/p>\n<p>\u00a0<\/p>\n<p><em>4. Datenspeicherung und Sicherheit:<\/em><\/p>\n<p><em>Wir speichern personenbezogene Daten sicher, indem wir eine dem Industriestandard entsprechende Verschl\u00fcsselung und Zugangskontrolle verwenden. Die Aufbewahrung von Daten ist auf die Dauer beschr\u00e4nkt, die f\u00fcr die angegebenen Zwecke erforderlich ist.<\/em><\/p>\n<p>\u00a0<\/p>\n<p><em>5. Internationale \u00dcberweisungen:<\/em><\/p>\n<p><em>Bei der \u00dcbermittlung von Daten in L\u00e4nder au\u00dferhalb des Landes des Nutzers ergreifen wir angemessene Schutzma\u00dfnahmen durch Standardvertragsklauseln oder andere rechtliche Garantien.<\/em><\/p>\n<p>\u00a0<\/p>\n<p><em>6. Benutzerrechte:<\/em><\/p>\n<p><em>Die Nutzer haben das Recht, auf ihre personenbezogenen Daten zuzugreifen, sie zu berichtigen, zu l\u00f6schen oder einzuschr\u00e4nken sowie einer bestimmten Verarbeitung zu widersprechen. Die Antr\u00e4ge k\u00f6nnen \u00fcber unser Kontaktformular oder per E-Mail gestellt werden.<\/em><\/p>\n<p>\u00a0<\/p>\n<p><em>7. Cookies &amp; Tracking:<\/em><\/p>\n<p><em>Wir verwenden Cookies und \u00e4hnliche Technologien f\u00fcr Website-Funktionen und -Analysen, sofern der Nutzer dem zustimmt.<\/em><\/p>\n<p>\u00a0<\/p>\n<p><em>8. Kontakt:<\/em><\/p>\n<p><em>Wenn Sie Fragen haben oder Ihre Rechte wahrnehmen m\u00f6chten, wenden Sie sich bitte an: info@osjfoodaid.org.<\/em><\/p>\n<p>\u00a0<\/p>\n<p><em>9. Aktualisierungen:<\/em><\/p>\n<p><em>Wir k\u00f6nnen diese Richtlinie aktualisieren und werden die Nutzer umgehend \u00fcber wesentliche \u00c4nderungen informieren.<\/em><\/p>\n<p>\u00a0<\/p>\n<p><!-- \/wp:paragraph --><\/p>\t\t\t\t\t\t\t\t<\/div>\n\t\t\t\t\t<\/div>\n\t\t\t\t<\/div>\n\t\t\t\t<\/div>","protected":false},"excerpt":{"rendered":"<p>Data Protection Policy \u00a0 OSJ Food Aid is a registered 501(c)(3) nonprofit organization in the US, EIN# 33-2992004.\u00a0 Our website address is https:\/\/www.osjfoodaid.org \u00a0 1. Purpose: This policy outlines our practices for collecting, utilizing, storing, and safeguarding personal data belonging to users worldwide, adhering to applicable data protection laws such as GDPR, CCPA, and other&hellip; <a class=\"more-link\" href=\"https:\/\/www.osjfoodaid.org\/de\/datenschutz\/\"><span class=\"screen-reader-text\">Data Protection<\/span> weiterlesen<\/a><\/p>","protected":false},"author":1,"featured_media":0,"parent":0,"menu_order":0,"comment_status":"closed","ping_status":"closed","template":"","meta":{"give_campaign_id":0,"nf_dc_page":"","content-type":"","footnotes":""},"class_list":["post-145","page","type-page","status-publish","hentry","entry"],"campaignId":"","_links":{"self":[{"href":"https:\/\/www.osjfoodaid.org\/de\/wp-json\/wp\/v2\/pages\/145","targetHints":{"allow":["GET"]}}],"collection":[{"href":"https:\/\/www.osjfoodaid.org\/de\/wp-json\/wp\/v2\/pages"}],"about":[{"href":"https:\/\/www.osjfoodaid.org\/de\/wp-json\/wp\/v2\/types\/page"}],"author":[{"embeddable":true,"href":"https:\/\/www.osjfoodaid.org\/de\/wp-json\/wp\/v2\/users\/1"}],"replies":[{"embeddable":true,"href":"https:\/\/www.osjfoodaid.org\/de\/wp-json\/wp\/v2\/comments?post=145"}],"version-history":[{"count":23,"href":"https:\/\/www.osjfoodaid.org\/de\/wp-json\/wp\/v2\/pages\/145\/revisions"}],"predecessor-version":[{"id":1623,"href":"https:\/\/www.osjfoodaid.org\/de\/wp-json\/wp\/v2\/pages\/145\/revisions\/1623"}],"wp:attachment":[{"href":"https:\/\/www.osjfoodaid.org\/de\/wp-json\/wp\/v2\/media?parent=145"}],"curies":[{"name":"wp","href":"https:\/\/api.w.org\/{rel}","templated":true}]}}