{"id":156,"date":"2025-02-07T14:25:28","date_gmt":"2025-02-07T19:25:28","guid":{"rendered":"https:\/\/aid.azu.mybluehost.me\/website_408b340e\/?page_id=156"},"modified":"2025-04-16T05:40:33","modified_gmt":"2025-04-16T09:40:33","slug":"brugeraftale","status":"publish","type":"page","link":"https:\/\/www.osjfoodaid.org\/da\/brugeraftale\/","title":{"rendered":"User Agreement"},"content":{"rendered":"<div data-elementor-type=\"wp-page\" data-elementor-id=\"156\" class=\"elementor elementor-156\" data-elementor-post-type=\"page\">\n\t\t\t\t<div class=\"elementor-element elementor-element-77b32ce6 e-flex e-con-boxed e-con e-parent\" data-id=\"77b32ce6\" data-element_type=\"container\">\n\t\t\t\t\t<div class=\"e-con-inner\">\n\t\t\t\t<div class=\"elementor-element elementor-element-33cae418 elementor-widget elementor-widget-text-editor\" data-id=\"33cae418\" data-element_type=\"widget\" data-widget_type=\"text-editor.default\">\n\t\t\t\t\t\t\t\t\t\n<p><strong>Vilk\u00e5r for brugeraftale<\/strong><\/p>\n<p>\u00a0<\/p>\n<p>OSJ Food Aid USA - Vilk\u00e5r for brug af hjemmesiden<\/p>\n<p>Ikrafttr\u00e6delsesdato: 16. april 2025<\/p>\n<p>\u00a0<\/p>\n<p>Ved at g\u00e5 ind p\u00e5 eller bruge OSJ Food Aid USA's hjemmeside (<a href=\"https:\/\/www.osjfoodaid.org\/da\">https:\/\/www.osjfoodaid.org<\/a>), accepterer du disse vilk\u00e5r for brug. Hvis du ikke er enig, skal du ikke bruge vores websted.<\/p>\n<p>\u00a0<\/p>\n<p>1. Brug af hjemmesiden<\/p>\n<p>- Hjemmesiden og dens indhold er beregnet til informativ og ikke-kommerciel brug i forbindelse med OSJ Food Aid USA's mission.<\/p>\n<p>- Du skal bruge webstedet lovligt og m\u00e5 ikke misbruge, forstyrre eller fors\u00f8ge at skade webstedet eller dets brugere.<\/p>\n<p>\u00a0<\/p>\n<p>2. Privatlivets fred<\/p>\n<p>- Din brug af dette websted er ogs\u00e5 underlagt vores privatlivspolitik, som forklarer, hvordan vi indsamler og bruger dine oplysninger.<\/p>\n<p>\u00a0<\/p>\n<p>3. Intellektuel ejendom<\/p>\n<p>- Alt indhold p\u00e5 dette websted ejes af OSJ Food Aid USA eller dets licensgivere og er beskyttet af loven.<\/p>\n<p>- Du m\u00e5 ikke kopiere, distribuere eller \u00e6ndre noget indhold uden vores skriftlige tilladelse.<\/p>\n<p>\u00a0<\/p>\n<p>4. Brugernes bidrag<\/p>\n<p>- Hvis du indsender oplysninger eller materiale (f.eks. feedback eller foresp\u00f8rgsler), giver du OSJ Food Aid USA ret til at bruge, reproducere og vise det til vores form\u00e5l.<\/p>\n<p>\u00a0<\/p>\n<p>5. Ansvarsfraskrivelse<\/p>\n<p>- Hjemmesiden leveres \"som den er\". Vi garanterer ikke for n\u00f8jagtigheden, p\u00e5lideligheden eller tilg\u00e6ngeligheden af webstedet eller dets indhold.<\/p>\n<p>\u00a0<\/p>\n<p>6. Begr\u00e6nsning af ansvar<\/p>\n<p>- OSJ Food Aid USA er ikke ansvarlig for eventuelle skader som f\u00f8lge af din brug eller manglende evne til at bruge hjemmesiden.<\/p>\n<p>\u00a0<\/p>\n<p>7. Links til andre websteder<\/p>\n<p>- Vores hjemmeside kan linke til tredjepartssider. Vi er ikke ansvarlige for deres indhold eller privatlivspraksis.<\/p>\n<p>\u00a0<\/p>\n<p>8. \u00c6ndringer af vilk\u00e5r<\/p>\n<p>- Vi kan til enhver tid opdatere disse vilk\u00e5r. \u00c6ndringer tr\u00e6der i kraft, n\u00e5r de offentligg\u00f8res. Fortsat brug af webstedet betyder, at du accepterer de nye vilk\u00e5r.<\/p>\n<p>\u00a0<\/p>\n<p>9. Kontakt<\/p>\n<p>- Hvis du har sp\u00f8rgsm\u00e5l, kan du kontakte os p\u00e5 <a href=\"mailto:info@osjfoodaid.org\">info@osjfoodaid.org<\/a>.<\/p>\n<p>\u00a0<\/p>\n<p>Ved at bruge dette websted accepterer du disse brugsbetingelser. Gennemg\u00e5 dem regelm\u00e6ssigt for opdateringer.<\/p>\t\t\t\t\t\t\t\t<\/div>\n\t\t\t\t\t<\/div>\n\t\t\t\t<\/div>\n\t\t\t\t<\/div>","protected":false},"excerpt":{"rendered":"<p>User Agreement Terms \u00a0 OSJ Food Aid USA \u2013 Website Terms of Use Effective Date: April 16, 2025 \u00a0 By accessing or using the OSJ Food Aid USA website (https:\/\/www.osjfoodaid.org), you agree to these Terms of Use. If you do not agree, please do not use our site. \u00a0 1. Use of the Website &#8211;&hellip; <a class=\"more-link\" href=\"https:\/\/www.osjfoodaid.org\/da\/brugeraftale\/\">L\u00e6s mere <span class=\"screen-reader-text\">User Agreement<\/span><\/a><\/p>","protected":false},"author":1,"featured_media":0,"parent":0,"menu_order":0,"comment_status":"closed","ping_status":"closed","template":"","meta":{"give_campaign_id":0,"nf_dc_page":"","content-type":"","footnotes":""},"class_list":["post-156","page","type-page","status-publish","hentry","entry"],"campaignId":"","_links":{"self":[{"href":"https:\/\/www.osjfoodaid.org\/da\/wp-json\/wp\/v2\/pages\/156","targetHints":{"allow":["GET"]}}],"collection":[{"href":"https:\/\/www.osjfoodaid.org\/da\/wp-json\/wp\/v2\/pages"}],"about":[{"href":"https:\/\/www.osjfoodaid.org\/da\/wp-json\/wp\/v2\/types\/page"}],"author":[{"embeddable":true,"href":"https:\/\/www.osjfoodaid.org\/da\/wp-json\/wp\/v2\/users\/1"}],"replies":[{"embeddable":true,"href":"https:\/\/www.osjfoodaid.org\/da\/wp-json\/wp\/v2\/comments?post=156"}],"version-history":[{"count":7,"href":"https:\/\/www.osjfoodaid.org\/da\/wp-json\/wp\/v2\/pages\/156\/revisions"}],"predecessor-version":[{"id":1630,"href":"https:\/\/www.osjfoodaid.org\/da\/wp-json\/wp\/v2\/pages\/156\/revisions\/1630"}],"wp:attachment":[{"href":"https:\/\/www.osjfoodaid.org\/da\/wp-json\/wp\/v2\/media?parent=156"}],"curies":[{"name":"wp","href":"https:\/\/api.w.org\/{rel}","templated":true}]}}