{"id":151,"date":"2025-02-07T14:21:49","date_gmt":"2025-02-07T19:21:49","guid":{"rendered":"https:\/\/aid.azu.mybluehost.me\/website_408b340e\/?page_id=151"},"modified":"2025-04-16T05:56:20","modified_gmt":"2025-04-16T09:56:20","slug":"handtering-af-cookies","status":"publish","type":"page","link":"https:\/\/www.osjfoodaid.org\/da\/handtering-af-cookies\/","title":{"rendered":"H\u00e5ndtering af cookies"},"content":{"rendered":"<div data-elementor-type=\"wp-page\" data-elementor-id=\"151\" class=\"elementor elementor-151\" data-elementor-post-type=\"page\">\n\t\t\t\t<div class=\"elementor-element elementor-element-38e0436f e-flex e-con-boxed e-con e-parent\" data-id=\"38e0436f\" data-element_type=\"container\">\n\t\t\t\t\t<div class=\"e-con-inner\">\n\t\t\t\t<div class=\"elementor-element elementor-element-2594250 elementor-widget elementor-widget-text-editor\" data-id=\"2594250\" data-element_type=\"widget\" data-widget_type=\"text-editor.default\">\n\t\t\t\t\t\t\t\t\t\n<p>\u00a0<\/p>\n<p><strong>\u00a0OSJ Food Aid USA's politik for h\u00e5ndtering af cookies<\/strong><\/p>\n<p>\u00a0<\/p>\n<p>OSJ Food Aid USA (\"vi\", \"os\" eller \"vores\") er forpligtet til at beskytte dit privatliv og sikre gennemsigtighed om, hvordan vi bruger cookies og lignende teknologier p\u00e5 vores hjemmeside, [...<a href=\"https:\/\/www.osjfoodaid.org\/da\">www.osjfoodaid.org<\/a>]<\/p>\n<p>\u00a0<\/p>\n<p>Denne politik forklarer, hvad cookies er, hvordan vi bruger dem, dine valgmuligheder, og hvordan du kan administrere dine cookie-pr\u00e6ferencer.<\/p>\n<p>\u00a0<\/p>\n<p><strong>Hvad er cookies?<\/strong><\/p>\n<p>Cookies er sm\u00e5 tekstfiler, der gemmes p\u00e5 din enhed, n\u00e5r du bes\u00f8ger et websted. De hj\u00e6lper os med at huske dine pr\u00e6ferencer, forbedre hjemmesidens ydeevne og give dig en personlig oplevelse. Nogle cookies er afg\u00f8rende for, at hjemmesiden kan fungere, mens andre hj\u00e6lper os med at analysere brugen eller levere m\u00e5lrettet indhold.<\/p>\n<p>\u00a0<\/p>\n<p><strong>Typer af cookies, vi bruger<\/strong><\/p>\n<p>- Strengt n\u00f8dvendige cookies: N\u00f8dvendige for webstedets drift og kan ikke sl\u00e5s fra.<\/p>\n<p>- Performance\/Analytics Cookies: Hj\u00e6lper os med at forst\u00e5, hvordan bes\u00f8gende interagerer med vores hjemmeside for at forbedre brugeroplevelsen.<\/p>\n<p>- Funktionelle cookies: Husker de valg, du foretager for at forbedre din oplevelse.<\/p>\n<p>- Cookies til markedsf\u00f8ring: Sporer browsingvaner for at levere relevant indhold og reklame.<\/p>\n<p>\u00a0<\/p>\n<p><strong>S\u00e5dan bruger vi cookies<\/strong><\/p>\n<p>Vi bruger cookies til:<\/p>\n<p>- Sikre hjemmesidens funktionalitet og sikkerhed.<\/p>\n<p>- Analyser websitetrafik og brugsm\u00f8nstre.<\/p>\n<p>- Husk dine pr\u00e6ferencer og indstillinger.<\/p>\n<p>- Giv personligt tilpasset indhold og markedsf\u00f8ring, hvor det er relevant.<\/p>\n<p>\u00a0<\/p>\n<p><strong>Dit samtykke og dine valg<\/strong><\/p>\n<p>- N\u00e5r du bes\u00f8ger vores hjemmeside, vil du blive pr\u00e6senteret for et cookiebanner, der beder om dit samtykke til ikke-v\u00e6sentlige cookies.<\/p>\n<p>- Du kan acceptere eller afvise forskellige kategorier af cookies, bortset fra dem, der er strengt n\u00f8dvendige for at f\u00e5 hjemmesiden til at fungere.<\/p>\n<p>- Du kan til enhver tid tr\u00e6kke dit samtykke tilbage eller \u00e6ndre det ved at justere dine browserindstillinger eller bruge vores cookie-styringsv\u00e6rkt\u00f8j.<\/p>\n<p>- For brugere i visse jurisdiktioner (f.eks. EU, Californien) kan der g\u00e6lde yderligere rettigheder, herunder retten til at frav\u00e6lge datasalg eller -sporing.<\/p>\n<p>\u00a0<\/p>\n<p><strong>H\u00e5ndtering af cookies<\/strong><\/p>\n<p>Du kan administrere eller deaktivere cookies via dine browserindstillinger. Du kan f\u00e5 flere oplysninger om, hvordan du styrer cookies, i vores [Cookiepolitik](<a href=\"https:\/\/www.osjfoodaid.org\/da\/cookie-policy\/\">https:\/\/www.osjfoodaid.org\/cookie-policy<\/a>) eller kontakt os p\u00e5 [<a href=\"mailto:info@osjfoodaid.org\">info@osjfoodaid.org<\/a>]<\/p>\n<p>\u00a0<\/p>\n<p><strong>Cookies fra tredjeparter<\/strong><\/p>\n<p>Nogle cookies kan indstilles af tredjepartsudbydere for at levere tjenester eller reklame. Vi er \u00e5bne om disse udbydere og deres form\u00e5l i vores cookiepolitik.<\/p>\n<p>\u00a0<\/p>\n<p><strong>Politiske opdateringer<\/strong><\/p>\n<p>Vi gennemg\u00e5r og opdaterer regelm\u00e6ssigt vores cookie-praksis for at overholde globale love om beskyttelse af personlige oplysninger og bedste praksis. \u00c6ndringer vil blive sl\u00e5et op p\u00e5 denne side.<\/p>\n<p>\u00a0<\/p>\n<p><strong>Kontakt os<\/strong><\/p>\n<p>Hvis du har sp\u00f8rgsm\u00e5l eller bekymringer om vores cookiepraksis, bedes du sende os en e-mail p\u00e5 [.<a href=\"mailto:info@osjfoodaid.org\">info@osjfoodaid.org<\/a>]<\/p>\t\t\t\t\t\t\t\t<\/div>\n\t\t\t\t\t<\/div>\n\t\t\t\t<\/div>\n\t\t\t\t<\/div>","protected":false},"excerpt":{"rendered":"<p>\u00a0 \u00a0OSJ Food Aid USA Cookie Management Policy \u00a0 OSJ Food Aid USA (\u201cwe\u201d, \u201cus\u201d, or \u201cour\u201d) is committed to protecting your privacy and ensuring transparency about how we use cookies and similar technologies on our website, [www.osjfoodaid.org] \u00a0 This policy explains what cookies are, how we use them, your choices, and how you can&hellip; <a class=\"more-link\" href=\"https:\/\/www.osjfoodaid.org\/da\/handtering-af-cookies\/\">L\u00e6s mere <span class=\"screen-reader-text\">H\u00e5ndtering af cookies<\/span><\/a><\/p>","protected":false},"author":1,"featured_media":0,"parent":0,"menu_order":0,"comment_status":"closed","ping_status":"closed","template":"","meta":{"give_campaign_id":0,"nf_dc_page":"","content-type":"","footnotes":""},"class_list":["post-151","page","type-page","status-publish","hentry","entry"],"campaignId":"","_links":{"self":[{"href":"https:\/\/www.osjfoodaid.org\/da\/wp-json\/wp\/v2\/pages\/151","targetHints":{"allow":["GET"]}}],"collection":[{"href":"https:\/\/www.osjfoodaid.org\/da\/wp-json\/wp\/v2\/pages"}],"about":[{"href":"https:\/\/www.osjfoodaid.org\/da\/wp-json\/wp\/v2\/types\/page"}],"author":[{"embeddable":true,"href":"https:\/\/www.osjfoodaid.org\/da\/wp-json\/wp\/v2\/users\/1"}],"replies":[{"embeddable":true,"href":"https:\/\/www.osjfoodaid.org\/da\/wp-json\/wp\/v2\/comments?post=151"}],"version-history":[{"count":9,"href":"https:\/\/www.osjfoodaid.org\/da\/wp-json\/wp\/v2\/pages\/151\/revisions"}],"predecessor-version":[{"id":1636,"href":"https:\/\/www.osjfoodaid.org\/da\/wp-json\/wp\/v2\/pages\/151\/revisions\/1636"}],"wp:attachment":[{"href":"https:\/\/www.osjfoodaid.org\/da\/wp-json\/wp\/v2\/media?parent=151"}],"curies":[{"name":"wp","href":"https:\/\/api.w.org\/{rel}","templated":true}]}}