{"id":145,"date":"2025-02-07T14:16:30","date_gmt":"2025-02-07T19:16:30","guid":{"rendered":"https:\/\/aid.azu.mybluehost.me\/website_408b340e\/?page_id=145"},"modified":"2025-04-16T05:29:42","modified_gmt":"2025-04-16T09:29:42","slug":"databeskyttelse","status":"publish","type":"page","link":"https:\/\/www.osjfoodaid.org\/da\/databeskyttelse\/","title":{"rendered":"Data Protection"},"content":{"rendered":"<div data-elementor-type=\"wp-page\" data-elementor-id=\"145\" class=\"elementor elementor-145\" data-elementor-post-type=\"page\">\n\t\t\t\t<div class=\"elementor-element elementor-element-66de74dc e-flex e-con-boxed e-con e-parent\" data-id=\"66de74dc\" data-element_type=\"container\">\n\t\t\t\t\t<div class=\"e-con-inner\">\n\t\t\t\t<div class=\"elementor-element elementor-element-7caafabc elementor-widget elementor-widget-text-editor\" data-id=\"7caafabc\" data-element_type=\"widget\" data-widget_type=\"text-editor.default\">\n\t\t\t\t\t\t\t\t\t<h2 class=\"wp-block-heading\"><em>Politik for databeskyttelse<\/em><\/h2>\n<p>\u00a0<\/p>\n<p><em>OSJ Food Aid er en registreret 501(c)(3) nonprofit-organisation i USA, EIN# 33-2992004.\u00a0<\/em><\/p>\n<p><em>Vores hjemmesideadresse er <a href=\"https:\/\/www.osjfoodaid.org\/da\">https:\/\/www.osjfoodaid.org<\/a><\/em><\/p>\n<p><em><!-- \/wp:paragraph --><!-- wp:heading --><\/em><\/p>\n<p>\u00a0<\/p>\n<p><em>1. Form\u00e5l:<\/em><\/p>\n<p><em>Denne politik beskriver vores praksis for indsamling, brug, lagring og beskyttelse af personlige data, der tilh\u00f8rer brugere over hele verden, i overensstemmelse med g\u00e6ldende databeskyttelseslove som GDPR, CCPA og andre relevante bestemmelser.<\/em><\/p>\n<p>\u00a0<\/p>\n<p><em>2. Indsamling af data:<\/em><\/p>\n<p><em>Vi indsamler kun de n\u00f8dvendige personoplysninger, herunder navn, e-mailadresse, IP-adresse og brugsdata, for at kunne levere og forbedre vores tjenester.<\/em><\/p>\n<p>\u00a0<\/p>\n<p><em>3. Brug af data:<\/em><\/p>\n<p><em>Personlige data bruges til kontoadministration, servicelevering, kundesupport, analyse og kommunikation. Vi s\u00e6lger eller deler ikke personoplysninger med tredjeparter, medmindre det er p\u00e5kr\u00e6vet ved lov eller med brugerens samtykke.<\/em><\/p>\n<p>\u00a0<\/p>\n<p><em>4. Datalagring og sikkerhed:<\/em><\/p>\n<p><em>Vi opbevarer persondata sikkert ved hj\u00e6lp af kryptering og adgangskontrol efter branchestandard. Dataopbevaring er begr\u00e6nset til den varighed, der er n\u00f8dvendig til de angivne form\u00e5l.<\/em><\/p>\n<p>\u00a0<\/p>\n<p><em>5. Internationale overf\u00f8rsler:<\/em><\/p>\n<p><em>N\u00e5r data overf\u00f8res uden for brugerens land, implementerer vi passende beskyttelsesforanstaltninger gennem standardkontraktklausuler eller andre juridiske sikkerhedsforanstaltninger.<\/em><\/p>\n<p>\u00a0<\/p>\n<p><em>6. Brugerrettigheder:<\/em><\/p>\n<p><em>Brugere har ret til at f\u00e5 adgang til, rette, slette eller begr\u00e6nse deres personlige data og til at g\u00f8re indsigelse mod visse former for behandling. Anmodninger kan frems\u00e6ttes via vores kontaktformular eller e-mail.<\/em><\/p>\n<p>\u00a0<\/p>\n<p><em>7. Cookies og sporing:<\/em><\/p>\n<p><em>Vi bruger cookies og lignende teknologier til webstedsfunktionalitet og analyse, med forbehold for brugerens samtykke, hvor det er n\u00f8dvendigt.<\/em><\/p>\n<p>\u00a0<\/p>\n<p><em>8. Kontakt:<\/em><\/p>\n<p><em>For foresp\u00f8rgsler eller for at ud\u00f8ve dine rettigheder, kontakt venligst: info@osjfoodaid.org.<\/em><\/p>\n<p>\u00a0<\/p>\n<p><em>9. Opdateringer:<\/em><\/p>\n<p><em>Vi kan opdatere denne politik og vil straks underrette brugerne om v\u00e6sentlige \u00e6ndringer.<\/em><\/p>\n<p>\u00a0<\/p>\n<p><!-- \/wp:paragraph --><\/p>\t\t\t\t\t\t\t\t<\/div>\n\t\t\t\t\t<\/div>\n\t\t\t\t<\/div>\n\t\t\t\t<\/div>","protected":false},"excerpt":{"rendered":"<p>Data Protection Policy \u00a0 OSJ Food Aid is a registered 501(c)(3) nonprofit organization in the US, EIN# 33-2992004.\u00a0 Our website address is https:\/\/www.osjfoodaid.org \u00a0 1. Purpose: This policy outlines our practices for collecting, utilizing, storing, and safeguarding personal data belonging to users worldwide, adhering to applicable data protection laws such as GDPR, CCPA, and other&hellip; <a class=\"more-link\" href=\"https:\/\/www.osjfoodaid.org\/da\/databeskyttelse\/\">L\u00e6s mere <span class=\"screen-reader-text\">Data Protection<\/span><\/a><\/p>","protected":false},"author":1,"featured_media":0,"parent":0,"menu_order":0,"comment_status":"closed","ping_status":"closed","template":"","meta":{"give_campaign_id":0,"nf_dc_page":"","content-type":"","footnotes":""},"class_list":["post-145","page","type-page","status-publish","hentry","entry"],"campaignId":"","_links":{"self":[{"href":"https:\/\/www.osjfoodaid.org\/da\/wp-json\/wp\/v2\/pages\/145","targetHints":{"allow":["GET"]}}],"collection":[{"href":"https:\/\/www.osjfoodaid.org\/da\/wp-json\/wp\/v2\/pages"}],"about":[{"href":"https:\/\/www.osjfoodaid.org\/da\/wp-json\/wp\/v2\/types\/page"}],"author":[{"embeddable":true,"href":"https:\/\/www.osjfoodaid.org\/da\/wp-json\/wp\/v2\/users\/1"}],"replies":[{"embeddable":true,"href":"https:\/\/www.osjfoodaid.org\/da\/wp-json\/wp\/v2\/comments?post=145"}],"version-history":[{"count":23,"href":"https:\/\/www.osjfoodaid.org\/da\/wp-json\/wp\/v2\/pages\/145\/revisions"}],"predecessor-version":[{"id":1623,"href":"https:\/\/www.osjfoodaid.org\/da\/wp-json\/wp\/v2\/pages\/145\/revisions\/1623"}],"wp:attachment":[{"href":"https:\/\/www.osjfoodaid.org\/da\/wp-json\/wp\/v2\/media?parent=145"}],"curies":[{"name":"wp","href":"https:\/\/api.w.org\/{rel}","templated":true}]}}